{"id":11797,"date":"2021-08-01T12:22:48","date_gmt":"2021-08-01T10:22:48","guid":{"rendered":"https:\/\/www.alteacultural.com\/agenda-avancament\/"},"modified":"2025-12-20T13:25:17","modified_gmt":"2025-12-20T12:25:17","slug":"agenda-avancament","status":"publish","type":"page","link":"https:\/\/www.alteacultural.com\/es\/agenda-avancament\/","title":{"rendered":"Avance de programaci\u00f3n"},"content":{"rendered":"\t\t<div data-elementor-type=\"wp-page\" data-elementor-id=\"11797\" class=\"elementor elementor-11797\">\n\t\t\t\t\t\t<section class=\"elementor-section elementor-top-section elementor-element elementor-element-8db39ef elementor-section-boxed elementor-section-height-default elementor-section-height-default exad-glass-effect-no exad-sticky-section-no\" data-id=\"8db39ef\" data-element_type=\"section\">\n\t\t\t\t\t\t<div class=\"elementor-container elementor-column-gap-default\">\n\t\t\t\t\t<div class=\"elementor-column elementor-col-100 elementor-top-column elementor-element elementor-element-6d25b96 exad-glass-effect-no exad-sticky-section-no\" data-id=\"6d25b96\" data-element_type=\"column\">\n\t\t\t<div class=\"elementor-widget-wrap elementor-element-populated\">\n\t\t\t\t\t\t<div class=\"elementor-element elementor-element-9fccf4f exad-sticky-section-no exad-glass-effect-no elementor-widget elementor-widget-text-editor\" data-id=\"9fccf4f\" data-element_type=\"widget\" data-widget_type=\"text-editor.default\">\n\t\t\t\t<div class=\"elementor-widget-container\">\n\t\t\t\t\t\t\t<p><strong>2026<\/strong><br \/>31-ene Teatre TANQUEU A L\u2019EIXIR Entrada: 11 \u20ac. GRUP DE TEATRE PLAIREV\u00c9S<br \/>13-feb M\u00fasica CARMINA BURANA &amp; CONCIERTO DE ARANJUEZ Entrada: 36 \u20ac. NKPRODARTE.<br \/>15-feb Teatre LA MUJER ROTA Entrada: 20-25 \u20ac. LA ZONA TEATRO<br \/>20-feb Teatre VUELVE A LOS 90 II Entrada: 19 \u20ac. RA\u00daL ANT\u00d3N<br \/>20-22-28 feb M\u00fasica Beethoven Fest <br \/>1-mar M\u00fasica ALIZIA,UN ENSUE\u00d1O MUSICAL Mikr\u00d3PERA(PLATEA\u2013INAEM) Entrada: 13 \u20ac. Opera-L\u00edrica para la infancia y la juventud.<br \/>7-mar Danza CREAVIVA Entrada: 21 \u20ac. COMPA\u00d1\u00cdA RAFAELA CARRASCO (PLATEA\u2013INAEM)<br \/>13-mar Teatre QUERIDA AGATHA CHRISTIE Entrada: 19-23 \u20ac. TXALOPRODUCCIONES,OLYMPIAMETROPOLITANA<br \/>20-mar Teatre DOTORA PROFESSIONAL. LA TIA VISANTICA Entrada: 16 \u20ac. Teatre en valenci\u00e0<br \/>21-mar Concert Primavera SFA <br \/>22-mar Teatre LA BARRACA Entrada: 22-26 \u20ac. TEATRO DE MALTA, PENTACI\u00d3N ESPECT\u00c1CULOS Y OLYMPIA METROPOLITANA<br \/>26-mar \u00d3pera LA BOHEME Entrada: 36-41 \u20ac. OPERA 2001<br \/>27mar-4abr M\u00fasica Ruta de les Ermites 2026<br \/>28-mar Literatura Gran Gala-Sopar dels Premis Altea 2026<br \/>10-abr Teatre AM\u00c9RICA FOR EVER: THE FINAL REFRITO Entrada: 20-25 \u20ac. <br \/>11-abr M\u00fasica ETERNA RAFAELLA Entrada: 26 \u20ac. DIRECT MANAGEMENT MUSIC.<br \/>18-abr Zarzuela LUISA FERNANDA Entrada: 31-36 \u20ac. MONCLOA PRODUCCIONES (PLATEA)<br \/>25-abr Teatre PONCIA Entrada: 22-26 \u20ac. PENTACI\u00d3N ESPECT\u00c1CULOS.<br \/>30-abrl M\u00fasica IDOLS-LA REVOLUCI\u00d3N K-POP \u201cLAS GUERRERAS DEL RITMO\u201d Entrada: 25 \u20ac. M\u00fasica para todos los p\u00fablicos.<br \/>2-may Musical VIVO VIVALDI Entrada: 13 \u20ac. M\u00fasica para la infancia y la juventud. CIA. TEATRO ESPA\u00d1OL Y 10&amp;10 CREA<br \/>3-may Teatre \u00a1POR FIN ME VOY! Entrada: 22-26 \u20ac. CARLES SANS.<br \/>8-10 may Ral\u00b7li Fotogr\u00e0fic <br \/>10-may Teatre INMADUROS Entrada: 22-26 \u20ac. AREQUIPA PRODUCCIONES &#8211; PENTACI\u00d3N ESPECT\u00c1CULOS<br \/>14-21 may Encontes <br \/>17-may Teatre LA TERNURA Entrada: 20-24 \u20ac. OLYMPIA METROPOLITANA &#8211; EL PUNT DE LA I<br \/>21-may Concert Conservatori <br \/>23-may Infantil Festivalet Altea<br \/>23-may M\u00fasica ALCHEMY DE DIRE STRAITS Entrada: 33 \u20ac. ALCHEMY PROJECT<br \/>24-may M\u00fasica ALCHEMY DE DIRE STRAITS Entrada: 33 \u20ac. ALCHEMY PROJECT<br \/>5-6 jun Nit de l&#8217;Art 2026 <br \/>5-12-19-26 jun Altea Blues Festival &#8217;26 <br \/>13-jun Teatre ESCAPE ROOM Entrada: 20-24 \u20ac. OLYMPIA METROPOLITANA &#8211; EL PUNT DE LA I<br \/>14-jun Infantil PETER PAN Y LOS LIBROS PERDIDOS Entrada: 13-16 \u20ac. OLYMPIA METROPOLITANA &#8211; EL PUNT DE LA I<\/p>\n<div>\u00a0<\/div>\n<p>.<\/p>\n<p>.<\/p>\n<p>\u00a0<\/p>\n<p><a href=\"https:\/\/www.alteacultural.com\/agenda\/?lang=es\">VER AGENDA<\/a><\/p>\t\t\t\t\t\t<\/div>\n\t\t\t\t<\/div>\n\t\t\t\t\t<\/div>\n\t\t<\/div>\n\t\t\t\t\t<\/div>\n\t\t<\/section>\n\t\t\t\t<section class=\"elementor-section elementor-top-section elementor-element elementor-element-3be9d164 elementor-section-boxed elementor-section-height-default elementor-section-height-default exad-glass-effect-no exad-sticky-section-no\" data-id=\"3be9d164\" data-element_type=\"section\">\n\t\t\t\t\t\t<div class=\"elementor-container elementor-column-gap-default\">\n\t\t\t\t\t<div class=\"elementor-column elementor-col-100 elementor-top-column elementor-element elementor-element-4910ac5a exad-glass-effect-no exad-sticky-section-no\" data-id=\"4910ac5a\" data-element_type=\"column\">\n\t\t\t<div class=\"elementor-widget-wrap elementor-element-populated\">\n\t\t\t\t\t\t<div class=\"elementor-element elementor-element-4c0d976d exad-sticky-section-no exad-glass-effect-no elementor-widget elementor-widget-text-editor\" data-id=\"4c0d976d\" data-element_type=\"widget\" data-widget_type=\"text-editor.default\">\n\t\t\t\t<div class=\"elementor-widget-container\">\n\t\t\t\t\t\t\t<p><!-- wp:paragraph --><\/p>\n<p><br><\/p>\n<p><!-- \/wp:paragraph --><\/p>\n<p><!-- wp:image {\"align\":\"center\",\"id\":6927,\"width\":246,\"height\":246,\"sizeSlug\":\"large\",\"className\":\"is-style-rounded\"} --><\/p>\n<div class=\"wp-block-image is-style-rounded\">\n<figure class=\"aligncenter size-large is-resized\"><a href=\"https:\/\/www.alteacultural.com\/alertes\/?lang=es\"><img fetchpriority=\"high\" decoding=\"async\" src=\"https:\/\/www.alteacultural.com\/wp-content\/uploads\/2021\/05\/alerta-emails.jpg\" alt=\"\" class=\"wp-image-6927\" width=\"246\" height=\"246\" srcset=\"https:\/\/www.alteacultural.com\/wp-content\/uploads\/2021\/05\/alerta-emails.jpg 626w, https:\/\/www.alteacultural.com\/wp-content\/uploads\/2021\/05\/alerta-emails-300x300.jpg 300w\" sizes=\"(max-width: 246px) 100vw, 246px\" \/><\/a><\/figure>\n<\/div>\n<p><!-- \/wp:image --><\/p>\n<p><!-- wp:paragraph {\"align\":\"center\"} --><\/p>\n<p class=\"has-text-align-center\"><a href=\"https:\/\/www.alteacultural.com\/alertes\/?lang=es\"><strong>\u00bfQuieres que te avisemos de la nueva programaci\u00f3n?<\/strong><\/a><\/p>\n<p><!-- \/wp:paragraph --><\/p>\t\t\t\t\t\t<\/div>\n\t\t\t\t<\/div>\n\t\t\t\t\t<\/div>\n\t\t<\/div>\n\t\t\t\t\t<\/div>\n\t\t<\/section>\n\t\t\t\t<\/div>\n\t\t","protected":false},"excerpt":{"rendered":"<p>202631-ene Teatre TANQUEU A L\u2019EIXIR Entrada: 11 \u20ac. GRUP DE TEATRE PLAIREV\u00c9S13-feb M\u00fasica CARMINA BURANA &amp; CONCIERTO DE ARANJUEZ [&hellip;]<\/p>\n","protected":false},"author":1,"featured_media":0,"parent":0,"menu_order":0,"comment_status":"closed","ping_status":"closed","template":"","meta":{"_expiration-date-status":"","_expiration-date":0,"_expiration-date-type":"","_expiration-date-categories":[],"_expiration-date-options":[],"footnotes":""},"yoast_head":"<!-- This site is optimized with the Yoast SEO plugin v22.8 - https:\/\/yoast.com\/wordpress\/plugins\/seo\/ -->\n<title>Avance de programaci\u00f3n - Altea Cultural<\/title>\n<meta name=\"robots\" content=\"index, follow, max-snippet:-1, max-image-preview:large, max-video-preview:-1\" \/>\n<link rel=\"canonical\" href=\"https:\/\/www.alteacultural.com\/es\/agenda-avancament\/\" \/>\n<meta property=\"og:locale\" content=\"es_ES\" \/>\n<meta property=\"og:type\" content=\"article\" \/>\n<meta property=\"og:title\" content=\"Avance de programaci\u00f3n - Altea Cultural\" \/>\n<meta property=\"og:description\" content=\"202631-ene Teatre TANQUEU A L\u2019EIXIR Entrada: 11 \u20ac. GRUP DE TEATRE PLAIREV\u00c9S13-feb M\u00fasica CARMINA BURANA &amp; CONCIERTO DE ARANJUEZ [&hellip;]\" \/>\n<meta property=\"og:url\" content=\"https:\/\/www.alteacultural.com\/es\/agenda-avancament\/\" \/>\n<meta property=\"og:site_name\" content=\"Altea Cultural\" \/>\n<meta property=\"article:modified_time\" content=\"2025-12-20T12:25:17+00:00\" \/>\n<meta property=\"og:image\" content=\"https:\/\/www.alteacultural.com\/wp-content\/uploads\/2021\/05\/alerta-emails.jpg\" \/>\n<meta name=\"twitter:card\" content=\"summary_large_image\" \/>\n<meta name=\"twitter:label1\" content=\"Tiempo de lectura\" \/>\n\t<meta name=\"twitter:data1\" content=\"3 minutos\" \/>\n<script type=\"application\/ld+json\" class=\"yoast-schema-graph\">{\"@context\":\"https:\/\/schema.org\",\"@graph\":[{\"@type\":\"WebPage\",\"@id\":\"https:\/\/www.alteacultural.com\/es\/agenda-avancament\/\",\"url\":\"https:\/\/www.alteacultural.com\/es\/agenda-avancament\/\",\"name\":\"Avance de programaci\u00f3n - Altea Cultural\",\"isPartOf\":{\"@id\":\"https:\/\/www.alteacultural.com\/es\/#website\"},\"primaryImageOfPage\":{\"@id\":\"https:\/\/www.alteacultural.com\/es\/agenda-avancament\/#primaryimage\"},\"image\":{\"@id\":\"https:\/\/www.alteacultural.com\/es\/agenda-avancament\/#primaryimage\"},\"thumbnailUrl\":\"https:\/\/www.alteacultural.com\/wp-content\/uploads\/2021\/05\/alerta-emails.jpg\",\"datePublished\":\"2021-08-01T10:22:48+00:00\",\"dateModified\":\"2025-12-20T12:25:17+00:00\",\"breadcrumb\":{\"@id\":\"https:\/\/www.alteacultural.com\/es\/agenda-avancament\/#breadcrumb\"},\"inLanguage\":\"es\",\"potentialAction\":[{\"@type\":\"ReadAction\",\"target\":[\"https:\/\/www.alteacultural.com\/es\/agenda-avancament\/\"]}]},{\"@type\":\"ImageObject\",\"inLanguage\":\"es\",\"@id\":\"https:\/\/www.alteacultural.com\/es\/agenda-avancament\/#primaryimage\",\"url\":\"https:\/\/www.alteacultural.com\/wp-content\/uploads\/2021\/05\/alerta-emails.jpg\",\"contentUrl\":\"https:\/\/www.alteacultural.com\/wp-content\/uploads\/2021\/05\/alerta-emails.jpg\"},{\"@type\":\"BreadcrumbList\",\"@id\":\"https:\/\/www.alteacultural.com\/es\/agenda-avancament\/#breadcrumb\",\"itemListElement\":[{\"@type\":\"ListItem\",\"position\":1,\"name\":\"Inici\",\"item\":\"https:\/\/www.alteacultural.com\/es\/\"},{\"@type\":\"ListItem\",\"position\":2,\"name\":\"Avance de programaci\u00f3n\"}]},{\"@type\":\"WebSite\",\"@id\":\"https:\/\/www.alteacultural.com\/es\/#website\",\"url\":\"https:\/\/www.alteacultural.com\/es\/\",\"name\":\"Altea Cultural\",\"description\":\"Regidoria de Cultura de l&#039;Ajuntament d&#039;Altea\",\"potentialAction\":[{\"@type\":\"SearchAction\",\"target\":{\"@type\":\"EntryPoint\",\"urlTemplate\":\"https:\/\/www.alteacultural.com\/es\/?s={search_term_string}\"},\"query-input\":\"required name=search_term_string\"}],\"inLanguage\":\"es\"}]}<\/script>\n<!-- \/ Yoast SEO plugin. -->","yoast_head_json":{"title":"Avance de programaci\u00f3n - Altea Cultural","robots":{"index":"index","follow":"follow","max-snippet":"max-snippet:-1","max-image-preview":"max-image-preview:large","max-video-preview":"max-video-preview:-1"},"canonical":"https:\/\/www.alteacultural.com\/es\/agenda-avancament\/","og_locale":"es_ES","og_type":"article","og_title":"Avance de programaci\u00f3n - Altea Cultural","og_description":"202631-ene Teatre TANQUEU A L\u2019EIXIR Entrada: 11 \u20ac. GRUP DE TEATRE PLAIREV\u00c9S13-feb M\u00fasica CARMINA BURANA &amp; CONCIERTO DE ARANJUEZ [&hellip;]","og_url":"https:\/\/www.alteacultural.com\/es\/agenda-avancament\/","og_site_name":"Altea Cultural","article_modified_time":"2025-12-20T12:25:17+00:00","og_image":[{"url":"https:\/\/www.alteacultural.com\/wp-content\/uploads\/2021\/05\/alerta-emails.jpg"}],"twitter_card":"summary_large_image","twitter_misc":{"Tiempo de lectura":"3 minutos"},"schema":{"@context":"https:\/\/schema.org","@graph":[{"@type":"WebPage","@id":"https:\/\/www.alteacultural.com\/es\/agenda-avancament\/","url":"https:\/\/www.alteacultural.com\/es\/agenda-avancament\/","name":"Avance de programaci\u00f3n - Altea Cultural","isPartOf":{"@id":"https:\/\/www.alteacultural.com\/es\/#website"},"primaryImageOfPage":{"@id":"https:\/\/www.alteacultural.com\/es\/agenda-avancament\/#primaryimage"},"image":{"@id":"https:\/\/www.alteacultural.com\/es\/agenda-avancament\/#primaryimage"},"thumbnailUrl":"https:\/\/www.alteacultural.com\/wp-content\/uploads\/2021\/05\/alerta-emails.jpg","datePublished":"2021-08-01T10:22:48+00:00","dateModified":"2025-12-20T12:25:17+00:00","breadcrumb":{"@id":"https:\/\/www.alteacultural.com\/es\/agenda-avancament\/#breadcrumb"},"inLanguage":"es","potentialAction":[{"@type":"ReadAction","target":["https:\/\/www.alteacultural.com\/es\/agenda-avancament\/"]}]},{"@type":"ImageObject","inLanguage":"es","@id":"https:\/\/www.alteacultural.com\/es\/agenda-avancament\/#primaryimage","url":"https:\/\/www.alteacultural.com\/wp-content\/uploads\/2021\/05\/alerta-emails.jpg","contentUrl":"https:\/\/www.alteacultural.com\/wp-content\/uploads\/2021\/05\/alerta-emails.jpg"},{"@type":"BreadcrumbList","@id":"https:\/\/www.alteacultural.com\/es\/agenda-avancament\/#breadcrumb","itemListElement":[{"@type":"ListItem","position":1,"name":"Inici","item":"https:\/\/www.alteacultural.com\/es\/"},{"@type":"ListItem","position":2,"name":"Avance de programaci\u00f3n"}]},{"@type":"WebSite","@id":"https:\/\/www.alteacultural.com\/es\/#website","url":"https:\/\/www.alteacultural.com\/es\/","name":"Altea Cultural","description":"Regidoria de Cultura de l&#039;Ajuntament d&#039;Altea","potentialAction":[{"@type":"SearchAction","target":{"@type":"EntryPoint","urlTemplate":"https:\/\/www.alteacultural.com\/es\/?s={search_term_string}"},"query-input":"required name=search_term_string"}],"inLanguage":"es"}]}},"_links":{"self":[{"href":"https:\/\/www.alteacultural.com\/es\/wp-json\/wp\/v2\/pages\/11797"}],"collection":[{"href":"https:\/\/www.alteacultural.com\/es\/wp-json\/wp\/v2\/pages"}],"about":[{"href":"https:\/\/www.alteacultural.com\/es\/wp-json\/wp\/v2\/types\/page"}],"author":[{"embeddable":true,"href":"https:\/\/www.alteacultural.com\/es\/wp-json\/wp\/v2\/users\/1"}],"replies":[{"embeddable":true,"href":"https:\/\/www.alteacultural.com\/es\/wp-json\/wp\/v2\/comments?post=11797"}],"version-history":[{"count":201,"href":"https:\/\/www.alteacultural.com\/es\/wp-json\/wp\/v2\/pages\/11797\/revisions"}],"predecessor-version":[{"id":39004,"href":"https:\/\/www.alteacultural.com\/es\/wp-json\/wp\/v2\/pages\/11797\/revisions\/39004"}],"wp:attachment":[{"href":"https:\/\/www.alteacultural.com\/es\/wp-json\/wp\/v2\/media?parent=11797"}],"curies":[{"name":"wp","href":"https:\/\/api.w.org\/{rel}","templated":true}]}}