{"id":12626,"date":"2021-11-03T13:01:03","date_gmt":"2021-11-03T12:01:03","guid":{"rendered":"https:\/\/www.alteacultural.com\/santa-cecilia\/"},"modified":"2021-11-03T13:01:03","modified_gmt":"2021-11-03T12:01:03","slug":"santa-cecilia","status":"publish","type":"page","link":"https:\/\/www.alteacultural.com\/es\/santa-cecilia\/","title":{"rendered":"Santa Cec\u00edlia"},"content":{"rendered":"\t\t<div data-elementor-type=\"wp-page\" data-elementor-id=\"12626\" class=\"elementor elementor-12626\">\n\t\t\t\t\t\t<section class=\"elementor-section elementor-top-section elementor-element elementor-element-8852489 elementor-section-boxed elementor-section-height-default elementor-section-height-default exad-glass-effect-no exad-sticky-section-no\" data-id=\"8852489\" data-element_type=\"section\">\n\t\t\t\t\t\t<div class=\"elementor-container elementor-column-gap-default\">\n\t\t\t\t\t<div class=\"elementor-column elementor-col-100 elementor-top-column elementor-element elementor-element-d69f307 exad-glass-effect-no exad-sticky-section-no\" data-id=\"d69f307\" data-element_type=\"column\">\n\t\t\t<div class=\"elementor-widget-wrap elementor-element-populated\">\n\t\t\t\t\t\t<div class=\"elementor-element elementor-element-0b1072a exad-sticky-section-no exad-glass-effect-no elementor-widget elementor-widget-image\" data-id=\"0b1072a\" data-element_type=\"widget\" data-widget_type=\"image.default\">\n\t\t\t\t<div class=\"elementor-widget-container\">\n\t\t\t\t\t\t\t\t\t\t\t\t\t<img decoding=\"async\" width=\"750\" height=\"250\" data-src=\"https:\/\/www.alteacultural.com\/wp-content\/uploads\/2021\/11\/santcecilia.png\" class=\"attachment-full size-full wp-image-12621 lazyload\" alt=\"\" src=\"data:image\/gif;base64,R0lGODlhAQABAAAAACH5BAEKAAEALAAAAAABAAEAAAICTAEAOw==\" style=\"--smush-placeholder-width: 750px; --smush-placeholder-aspect-ratio: 750\/250;\" \/>\t\t\t\t\t\t\t\t\t\t\t\t\t<\/div>\n\t\t\t\t<\/div>\n\t\t\t\t\t<\/div>\n\t\t<\/div>\n\t\t\t\t\t<\/div>\n\t\t<\/section>\n\t\t\t\t<section class=\"elementor-section elementor-top-section elementor-element elementor-element-8b67463 elementor-section-boxed elementor-section-height-default elementor-section-height-default exad-glass-effect-no exad-sticky-section-no\" data-id=\"8b67463\" data-element_type=\"section\">\n\t\t\t\t\t\t<div class=\"elementor-container elementor-column-gap-default\">\n\t\t\t\t\t<div class=\"elementor-column elementor-col-100 elementor-top-column elementor-element elementor-element-2bb609f exad-glass-effect-no exad-sticky-section-no\" data-id=\"2bb609f\" data-element_type=\"column\">\n\t\t\t<div class=\"elementor-widget-wrap elementor-element-populated\">\n\t\t\t\t\t\t<div class=\"elementor-element elementor-element-20fb0d0 exad-sticky-section-no exad-glass-effect-no elementor-widget elementor-widget-shortcode\" data-id=\"20fb0d0\" data-element_type=\"widget\" data-widget_type=\"shortcode.default\">\n\t\t\t\t<div class=\"elementor-widget-container\">\n\t\t\t\t\t<div class=\"elementor-shortcode\"><div class=\"mec-wrap mec-skin-grid-container \" id=\"mec_skin_12574\">\r\n    \r\n        \r\n            <div class=\"mec-skin-grid-events-container\" id=\"mec_skin_events_12574\">\r\n        <div class=\"mec-wrap \">\r\n    <div class=\"mec-event-grid-classic\">\r\n        <div class=\"row\"><div class=\"col-md-4 col-sm-4\">        <script type=\"application\/ld+json\">\r\n        {\r\n            \"@context\" \t\t: \"http:\/\/schema.org\",\r\n            \"@type\" \t\t: \"Event\",\r\n            \"startDate\" \t: \"2026-05-23\",\r\n            \"endDate\" \t\t: \"2026-05-23\",\r\n            \"location\" \t\t:\r\n            {\r\n                \"@type\" \t\t: \"Place\",\r\n                \"name\" \t\t\t: \"Villa Gadea Altea\",\r\n                \"image\"\t\t\t: \"\",\r\n                \"address\"\t\t: \"Pda. L'Olla, s\/n - 03590 Altea\"\r\n            },\r\n            \"offers\": {\r\n                \"url\": \"https:\/\/www.alteacultural.com\/es\/events\/festivalet-altea-beatles-for-kids-monstre-petorro-i-trobadorets\/\",\r\n                \"price\": \"Entre 4-8\u20ac\",\r\n                \"priceCurrency\" : \"\u20ac\"\r\n            },\r\n            \"performer\": \"\",\r\n            \"description\" \t: \"23 mayo 2026 | 11.00 a 19.00 h | Villa Gadea (Altea)\r\n\r\n\u00a1Ven al Festivalet Altea! \u00a1El festival de m\u00fasica donde grandes y peque\u00f1os disfrutar\u00e1n a partes iguales!\r\n\r\nEl s\u00e1bado 23 de mayo, en la zona de Villa Gadea (la Olla de Altea), ven con toda la familia a pasar un d\u00eda inolvidable. Conciertos, talleres educativos, servicio comida\/bebidas, zona de pic-nic y muchas m\u00e1s sorpresas os esperan. Grupos: &quot;&lt;strong&gt;Beatles for Kids&lt;\/strong&gt;&quot;, &quot;&lt;strong&gt;Monstre Petorro&lt;\/strong&gt;&quot; y &quot;&lt;strong&gt;Trobadorets&lt;\/strong&gt;&quot;&lt;strong&gt;.&lt;\/strong&gt;\r\n\r\n&lt;a href=&quot;https:\/\/www.alteacultural.com\/es\/festivalet&quot;&gt;+INFO\/PROGRAMA DEL FESTIVAL&lt;\/a&gt;\r\n&lt;h3&gt;&lt;\/h3&gt;\r\n&lt;h3&gt;&lt;span style=&quot;color: #00ccff;&quot;&gt;Comprar entradas&lt;\/span&gt;&lt;\/h3&gt;\r\n&lt;iframe id=&quot;etktfrm56583&quot; src=&quot;https:\/\/venta.atenea360.es\/buy\/?id=56583&amp;theme=dark&amp;color=888888&quot; width=&quot;100%&quot; frameborder=&quot;0&quot; allowfullscreen=&quot;allowfullscreen&quot; data-consent-target=&quot;&quot;&gt;&lt;\/iframe&gt;\r\n&lt;script type=&quot;text\/javascript&quot; src=&quot;https:\/\/d31tcnbxvxtafg.cloudfront.net\/js\/libraries\/buy.js&quot;&gt;&lt;\/script&gt;\r\n&lt;h3&gt;&lt;\/h3&gt;\r\n&lt;h3&gt;&lt;span style=&quot;color: #00ccff;&quot;&gt;Precio de las entradas y puntos de venta&lt;\/span&gt;&lt;\/h3&gt;\r\n\u2013 General: 8\u20ac (en compra on-line 6\u20ac)\r\n\u2013 3-11 a\u00f1os*: 5\u20ac (en compra on-line 4\u20ac)\r\n\u2013 0-2 a\u00f1os*: entrada gratuita (hay que sacar entrada igualmente)\r\n\r\n*A\u00f1os cumplidos el d\u00eda del festival.\r\nVenta: alteacultural.com\/festivalet y en taquilla del recinto (s\u00f3lo si quedan entradas).\r\n&lt;h3&gt;&lt;\/h3&gt;\r\n&lt;h3&gt;&lt;span style=&quot;color: #00ccff;&quot;&gt;\r\nCartel&lt;\/span&gt;&lt;\/h3&gt;\r\n&nbsp;\r\n\r\n&lt;img class=&quot;aligncenter wp-image-40514&quot; src=&quot;https:\/\/www.alteacultural.com\/wp-content\/uploads\/2026\/05\/FestivaletAltea2026_Cartell-01.jpg&quot; alt=&quot;&quot; width=&quot;700&quot; height=&quot;990&quot; \/&gt;\",\r\n            \"image\" \t\t: \"https:\/\/www.alteacultural.com\/wp-content\/uploads\/2026\/05\/FestivaletAltea2026_Banner-01-scaled.jpg\",\r\n            \"name\" \t\t\t: \"Festivalet Altea: &#8216;Beatles for Kids&#8217;, &#8216;Monstre Petorro&#8217; i &#8216;Trobadorets&#8217;\",\r\n            \"url\"\t\t\t: \"https:\/\/www.alteacultural.com\/es\/events\/festivalet-altea-beatles-for-kids-monstre-petorro-i-trobadorets\/\"\r\n        }\r\n        <\/script>\r\n        <article data-style=\"\" class=\" mec-event-article mec-clear \" itemscope>                    <div class=\"mec-event-image\"><a data-event-id=\"40518\" href=\"https:\/\/www.alteacultural.com\/es\/events\/festivalet-altea-beatles-for-kids-monstre-petorro-i-trobadorets\/\"><img decoding=\"async\" width=\"2560\" height=\"947\" data-src=\"https:\/\/www.alteacultural.com\/wp-content\/uploads\/2026\/05\/FestivaletAltea2026_Banner-01-scaled.jpg\" class=\"attachment-medium size-medium wp-post-image lazyload\" alt=\"\" data-mec-postid=\"40518\" data-srcset=\"https:\/\/www.alteacultural.com\/wp-content\/uploads\/2026\/05\/FestivaletAltea2026_Banner-01-scaled.jpg 2560w, https:\/\/www.alteacultural.com\/wp-content\/uploads\/2026\/05\/FestivaletAltea2026_Banner-01-768x284.jpg 768w, https:\/\/www.alteacultural.com\/wp-content\/uploads\/2026\/05\/FestivaletAltea2026_Banner-01-1536x568.jpg 1536w, https:\/\/www.alteacultural.com\/wp-content\/uploads\/2026\/05\/FestivaletAltea2026_Banner-01-2048x758.jpg 2048w\" data-sizes=\"(max-width: 2560px) 100vw, 2560px\" src=\"data:image\/gif;base64,R0lGODlhAQABAAAAACH5BAEKAAEALAAAAAABAAEAAAICTAEAOw==\" style=\"--smush-placeholder-width: 2560px; --smush-placeholder-aspect-ratio: 2560\/947;\" \/><\/a><\/div>\r\n                        <div class=\"mec-event-content\">\r\n                                    <div class=\"mec-event-date mec-bg-color\"><span class=\"mec-start-date-label\" itemprop=\"startDate\">23 mayo 2026<\/span><\/div>\r\n                                                <h4 class=\"mec-event-title\"><a class=\"mec-color-hover\" data-event-id=\"40518\" href=\"https:\/\/www.alteacultural.com\/es\/events\/festivalet-altea-beatles-for-kids-monstre-petorro-i-trobadorets\/\">Festivalet Altea: &#8216;Beatles for Kids&#8217;, &#8216;Monstre Petorro&#8217; i &#8216;Trobadorets&#8217;<\/a><span class=\"event-color\" style=\"background: #fdd700\"><\/span><\/h4>\r\n                                <p>Villa Gadea Altea, Pda. L'Olla, s\/n - 03590 Altea<\/p>\r\n                            <\/div>\r\n            <div class=\"mec-event-footer\">\r\n                                <ul class=\"mec-event-sharing-wrap\">\r\n                    <li class=\"mec-event-share\">\r\n                        <a href=\"#\" class=\"mec-event-share-icon\">\r\n                            <i class=\"mec-sl-share\"><\/i>\r\n                        <\/a>\r\n                    <\/li>\r\n                    <li>\r\n                        <ul class=\"mec-event-sharing\">\r\n                            <li class=\"mec-event-social-icon\"><a class=\"facebook\" href=\"https:\/\/www.facebook.com\/sharer\/sharer.php?u=https%3A%2F%2Fwww.alteacultural.com%2Fes%2Fevents%2Ffestivalet-altea-beatles-for-kids-monstre-petorro-i-trobadorets%2F\" onclick=\"javascript:window.open(this.href, '', 'menubar=no,toolbar=no,resizable=yes,scrollbars=yes,height=500,width=600'); return false;\" title=\"Compartir en Facebook\"><i class=\"mec-fa-facebook\"><\/i><\/a><\/li><li class=\"mec-event-social-icon\"><a class=\"twitter\" href=\"https:\/\/twitter.com\/share?url=https%3A%2F%2Fwww.alteacultural.com%2Fes%2Fevents%2Ffestivalet-altea-beatles-for-kids-monstre-petorro-i-trobadorets%2F\" onclick=\"javascript:window.open(this.href, '', 'menubar=no,toolbar=no,resizable=yes,scrollbars=yes,height=600,width=500'); return false;\" target=\"_blank\" title=\"Tweet\"><i class=\"mec-fa-twitter\"><\/i><\/a><\/li><li class=\"mec-event-social-icon\"><a class=\"linkedin\" href=\"https:\/\/www.linkedin.com\/shareArticle?mini=true&url=https%3A%2F%2Fwww.alteacultural.com%2Fes%2Fevents%2Ffestivalet-altea-beatles-for-kids-monstre-petorro-i-trobadorets%2F\" onclick=\"javascript:window.open(this.href, '', 'menubar=no,toolbar=no,resizable=yes,scrollbars=yes,height=600,width=500'); return false;\" target=\"_blank\" title=\"LinkedIn\"><i class=\"mec-fa-linkedin\"><\/i><\/a><\/li><li class=\"mec-event-social-icon\"><a class=\"vk\" href=\" http:\/\/vk.com\/share.php?url=https%3A%2F%2Fwww.alteacultural.com%2Fes%2Fevents%2Ffestivalet-altea-beatles-for-kids-monstre-petorro-i-trobadorets%2F\" title=\"VK\" target=\"_blank\"><i class=\"mec-fa-vk\"><\/i><\/a><\/li><li class=\"mec-event-social-icon\"><a class=\"email\" href=\"mailto:?subject=Festivalet Altea: %26#8216;Beatles for Kids\u2019, %26#8216;Monstre Petorro\u2019 i %26#8216;Trobadorets\u2019&body=https%3A%2F%2Fwww.alteacultural.com%2Fes%2Fevents%2Ffestivalet-altea-beatles-for-kids-monstre-petorro-i-trobadorets%2F\" title=\"Correo electr\u00f3nico\"><i class=\"mec-fa-envelope\"><\/i><\/a><\/li>                        <\/ul>\r\n                    <\/li>\r\n                <\/ul>\r\n                                <a class=\"mec-booking-button\" data-event-id=\"40518\" href=\"https:\/\/www.alteacultural.com\/es\/events\/festivalet-altea-beatles-for-kids-monstre-petorro-i-trobadorets\/\" target=\"_self\">Ver detalle<\/a>\r\n            <\/div>\r\n        <\/article><\/div>                \t<\/div>\r\n<\/div>\r\n\r\n    <\/div>\r\n    <div class=\"mec-skin-grid-no-events-container mec-util-hidden\" id=\"mec_skin_no_events_12574\">\r\n        \u00a1No hay eventos!    <\/div>\r\n        \r\n        \r\n<\/div><\/div>\n\t\t\t\t<\/div>\n\t\t\t\t<\/div>\n\t\t\t\t\t<\/div>\n\t\t<\/div>\n\t\t\t\t\t<\/div>\n\t\t<\/section>\n\t\t\t\t<\/div>\n\t\t","protected":false},"excerpt":{"rendered":"","protected":false},"author":1,"featured_media":0,"parent":0,"menu_order":0,"comment_status":"closed","ping_status":"closed","template":"template-fullwide.php","meta":{"_expiration-date-status":"saved","_expiration-date":0,"_expiration-date-type":"","_expiration-date-categories":[],"_expiration-date-options":[],"footnotes":""},"yoast_head":"<!-- This site is optimized with the Yoast SEO plugin v22.8 - https:\/\/yoast.com\/wordpress\/plugins\/seo\/ -->\n<title>Santa Cec\u00edlia - Altea Cultural<\/title>\n<meta name=\"robots\" content=\"index, follow, max-snippet:-1, max-image-preview:large, max-video-preview:-1\" \/>\n<link rel=\"canonical\" href=\"https:\/\/www.alteacultural.com\/es\/santa-cecilia\/\" \/>\n<meta property=\"og:locale\" content=\"es_ES\" \/>\n<meta property=\"og:type\" content=\"article\" \/>\n<meta property=\"og:title\" content=\"Santa Cec\u00edlia - Altea Cultural\" \/>\n<meta property=\"og:url\" content=\"https:\/\/www.alteacultural.com\/es\/santa-cecilia\/\" \/>\n<meta property=\"og:site_name\" content=\"Altea Cultural\" \/>\n<meta property=\"og:image\" content=\"https:\/\/www.alteacultural.com\/wp-content\/uploads\/2021\/11\/santcecilia.png\" \/>\n<meta name=\"twitter:card\" content=\"summary_large_image\" \/>\n<meta name=\"twitter:label1\" content=\"Tiempo de lectura\" \/>\n\t<meta name=\"twitter:data1\" content=\"8 minutos\" \/>\n<script type=\"application\/ld+json\" class=\"yoast-schema-graph\">{\"@context\":\"https:\/\/schema.org\",\"@graph\":[{\"@type\":\"WebPage\",\"@id\":\"https:\/\/www.alteacultural.com\/es\/santa-cecilia\/\",\"url\":\"https:\/\/www.alteacultural.com\/es\/santa-cecilia\/\",\"name\":\"Santa Cec\u00edlia - Altea Cultural\",\"isPartOf\":{\"@id\":\"https:\/\/www.alteacultural.com\/es\/#website\"},\"primaryImageOfPage\":{\"@id\":\"https:\/\/www.alteacultural.com\/es\/santa-cecilia\/#primaryimage\"},\"image\":{\"@id\":\"https:\/\/www.alteacultural.com\/es\/santa-cecilia\/#primaryimage\"},\"thumbnailUrl\":\"https:\/\/www.alteacultural.com\/wp-content\/uploads\/2021\/11\/santcecilia.png\",\"datePublished\":\"2021-11-03T12:01:03+00:00\",\"dateModified\":\"2021-11-03T12:01:03+00:00\",\"breadcrumb\":{\"@id\":\"https:\/\/www.alteacultural.com\/es\/santa-cecilia\/#breadcrumb\"},\"inLanguage\":\"es\",\"potentialAction\":[{\"@type\":\"ReadAction\",\"target\":[\"https:\/\/www.alteacultural.com\/es\/santa-cecilia\/\"]}]},{\"@type\":\"ImageObject\",\"inLanguage\":\"es\",\"@id\":\"https:\/\/www.alteacultural.com\/es\/santa-cecilia\/#primaryimage\",\"url\":\"https:\/\/www.alteacultural.com\/wp-content\/uploads\/2021\/11\/santcecilia.png\",\"contentUrl\":\"https:\/\/www.alteacultural.com\/wp-content\/uploads\/2021\/11\/santcecilia.png\"},{\"@type\":\"BreadcrumbList\",\"@id\":\"https:\/\/www.alteacultural.com\/es\/santa-cecilia\/#breadcrumb\",\"itemListElement\":[{\"@type\":\"ListItem\",\"position\":1,\"name\":\"Inici\",\"item\":\"https:\/\/www.alteacultural.com\/es\/\"},{\"@type\":\"ListItem\",\"position\":2,\"name\":\"Santa Cec\u00edlia\"}]},{\"@type\":\"WebSite\",\"@id\":\"https:\/\/www.alteacultural.com\/es\/#website\",\"url\":\"https:\/\/www.alteacultural.com\/es\/\",\"name\":\"Altea Cultural\",\"description\":\"Regidoria de Cultura de l&#039;Ajuntament d&#039;Altea\",\"potentialAction\":[{\"@type\":\"SearchAction\",\"target\":{\"@type\":\"EntryPoint\",\"urlTemplate\":\"https:\/\/www.alteacultural.com\/es\/?s={search_term_string}\"},\"query-input\":\"required name=search_term_string\"}],\"inLanguage\":\"es\"}]}<\/script>\n<!-- \/ Yoast SEO plugin. -->","yoast_head_json":{"title":"Santa Cec\u00edlia - Altea Cultural","robots":{"index":"index","follow":"follow","max-snippet":"max-snippet:-1","max-image-preview":"max-image-preview:large","max-video-preview":"max-video-preview:-1"},"canonical":"https:\/\/www.alteacultural.com\/es\/santa-cecilia\/","og_locale":"es_ES","og_type":"article","og_title":"Santa Cec\u00edlia - Altea Cultural","og_url":"https:\/\/www.alteacultural.com\/es\/santa-cecilia\/","og_site_name":"Altea Cultural","og_image":[{"url":"https:\/\/www.alteacultural.com\/wp-content\/uploads\/2021\/11\/santcecilia.png"}],"twitter_card":"summary_large_image","twitter_misc":{"Tiempo de lectura":"8 minutos"},"schema":{"@context":"https:\/\/schema.org","@graph":[{"@type":"WebPage","@id":"https:\/\/www.alteacultural.com\/es\/santa-cecilia\/","url":"https:\/\/www.alteacultural.com\/es\/santa-cecilia\/","name":"Santa Cec\u00edlia - Altea Cultural","isPartOf":{"@id":"https:\/\/www.alteacultural.com\/es\/#website"},"primaryImageOfPage":{"@id":"https:\/\/www.alteacultural.com\/es\/santa-cecilia\/#primaryimage"},"image":{"@id":"https:\/\/www.alteacultural.com\/es\/santa-cecilia\/#primaryimage"},"thumbnailUrl":"https:\/\/www.alteacultural.com\/wp-content\/uploads\/2021\/11\/santcecilia.png","datePublished":"2021-11-03T12:01:03+00:00","dateModified":"2021-11-03T12:01:03+00:00","breadcrumb":{"@id":"https:\/\/www.alteacultural.com\/es\/santa-cecilia\/#breadcrumb"},"inLanguage":"es","potentialAction":[{"@type":"ReadAction","target":["https:\/\/www.alteacultural.com\/es\/santa-cecilia\/"]}]},{"@type":"ImageObject","inLanguage":"es","@id":"https:\/\/www.alteacultural.com\/es\/santa-cecilia\/#primaryimage","url":"https:\/\/www.alteacultural.com\/wp-content\/uploads\/2021\/11\/santcecilia.png","contentUrl":"https:\/\/www.alteacultural.com\/wp-content\/uploads\/2021\/11\/santcecilia.png"},{"@type":"BreadcrumbList","@id":"https:\/\/www.alteacultural.com\/es\/santa-cecilia\/#breadcrumb","itemListElement":[{"@type":"ListItem","position":1,"name":"Inici","item":"https:\/\/www.alteacultural.com\/es\/"},{"@type":"ListItem","position":2,"name":"Santa Cec\u00edlia"}]},{"@type":"WebSite","@id":"https:\/\/www.alteacultural.com\/es\/#website","url":"https:\/\/www.alteacultural.com\/es\/","name":"Altea Cultural","description":"Regidoria de Cultura de l&#039;Ajuntament d&#039;Altea","potentialAction":[{"@type":"SearchAction","target":{"@type":"EntryPoint","urlTemplate":"https:\/\/www.alteacultural.com\/es\/?s={search_term_string}"},"query-input":"required name=search_term_string"}],"inLanguage":"es"}]}},"_links":{"self":[{"href":"https:\/\/www.alteacultural.com\/es\/wp-json\/wp\/v2\/pages\/12626"}],"collection":[{"href":"https:\/\/www.alteacultural.com\/es\/wp-json\/wp\/v2\/pages"}],"about":[{"href":"https:\/\/www.alteacultural.com\/es\/wp-json\/wp\/v2\/types\/page"}],"author":[{"embeddable":true,"href":"https:\/\/www.alteacultural.com\/es\/wp-json\/wp\/v2\/users\/1"}],"replies":[{"embeddable":true,"href":"https:\/\/www.alteacultural.com\/es\/wp-json\/wp\/v2\/comments?post=12626"}],"version-history":[{"count":0,"href":"https:\/\/www.alteacultural.com\/es\/wp-json\/wp\/v2\/pages\/12626\/revisions"}],"wp:attachment":[{"href":"https:\/\/www.alteacultural.com\/es\/wp-json\/wp\/v2\/media?parent=12626"}],"curies":[{"name":"wp","href":"https:\/\/api.w.org\/{rel}","templated":true}]}}