{"id":15202,"date":"2022-02-08T14:29:36","date_gmt":"2022-02-08T13:29:36","guid":{"rendered":"https:\/\/www.alteacultural.com\/poador-del-pontet-daltea\/"},"modified":"2022-02-23T12:34:32","modified_gmt":"2022-02-23T11:34:32","slug":"poador-del-pontet-daltea","status":"publish","type":"page","link":"https:\/\/www.alteacultural.com\/es\/poador-del-pontet-daltea\/","title":{"rendered":"Poador del pontet d\u2019Altea"},"content":{"rendered":"\t\t<div data-elementor-type=\"wp-page\" data-elementor-id=\"15202\" class=\"elementor elementor-15202\">\n\t\t\t\t\t\t<section class=\"elementor-section elementor-top-section elementor-element elementor-element-218883d elementor-section-boxed elementor-section-height-default elementor-section-height-default exad-glass-effect-no exad-sticky-section-no\" data-id=\"218883d\" data-element_type=\"section\">\n\t\t\t\t\t\t<div class=\"elementor-container elementor-column-gap-default\">\n\t\t\t\t\t<div class=\"elementor-column elementor-col-100 elementor-top-column elementor-element elementor-element-fa2fac6 exad-glass-effect-no exad-sticky-section-no\" data-id=\"fa2fac6\" data-element_type=\"column\">\n\t\t\t<div class=\"elementor-widget-wrap elementor-element-populated\">\n\t\t\t\t\t\t<div class=\"elementor-element elementor-element-12233a5 exad-sticky-section-no exad-glass-effect-no elementor-widget elementor-widget-text-editor\" data-id=\"12233a5\" data-element_type=\"widget\" data-widget_type=\"text-editor.default\">\n\t\t\t\t<div class=\"elementor-widget-container\">\n\t\t\t\t\t\t\t<p><a href=\"https:\/\/www.alteacultural.com\/museo-virtual\/?lang=es\" data-rich-text-format-boundary=\"true\">\u25c4volver<\/a><\/p>\t\t\t\t\t\t<\/div>\n\t\t\t\t<\/div>\n\t\t\t\t\t<\/div>\n\t\t<\/div>\n\t\t\t\t\t<\/div>\n\t\t<\/section>\n\t\t\t\t<section class=\"elementor-section elementor-top-section elementor-element elementor-element-fc092c0 elementor-section-boxed elementor-section-height-default elementor-section-height-default exad-glass-effect-no exad-sticky-section-no\" data-id=\"fc092c0\" data-element_type=\"section\">\n\t\t\t\t\t\t<div class=\"elementor-container elementor-column-gap-default\">\n\t\t\t\t\t<div class=\"elementor-column elementor-col-100 elementor-top-column elementor-element elementor-element-9e1fb27 exad-glass-effect-no exad-sticky-section-no\" data-id=\"9e1fb27\" data-element_type=\"column\">\n\t\t\t<div class=\"elementor-widget-wrap elementor-element-populated\">\n\t\t\t\t\t\t<div class=\"elementor-element elementor-element-1e55b14 elementor-drop-cap-yes elementor-drop-cap-view-default exad-sticky-section-no exad-glass-effect-no elementor-widget elementor-widget-text-editor\" data-id=\"1e55b14\" data-element_type=\"widget\" data-settings=\"{&quot;drop_cap&quot;:&quot;yes&quot;}\" data-widget_type=\"text-editor.default\">\n\t\t\t\t<div class=\"elementor-widget-container\">\n\t\t\t\t\t\t\t<p>A mediados del siglo XVIII, alrededor de un nacimiento natural de agua, se habilit\u00f3 una fuente de car\u00e1cter p\u00fablico y monumental: el Poador del Pontet. No conocemos una fecha concreta alrededor de su construcci\u00f3n, de la que \u00fanicamente sabemos que debi\u00f3 de producirse antes de 1782 (puesto que es en este momento cuando se produce la menci\u00f3n documental del lugar). No se ha localizado m\u00e1s documentaci\u00f3n al respeto y desde la Arqueolog\u00eda tampoco se ha podido concretar qu\u00e9 fue el momento de la construcci\u00f3n del Poador. Pero en este contexto se nos plantea una hip\u00f3tesis a partir de la observaci\u00f3n de un elemento gr\u00e1fico: el Plano de la Villa de Altea y Sus Contornos, de Francisco Ricaud, con fecha de 1740. Y no ser\u00e1 por una menci\u00f3n expl\u00edcita del top\u00f3nimo, sino todo el contrario, el que grita la atenci\u00f3n es la total ausencia del\u00a0Poador\u00a0del\u00a0Pontet\u00a0en este documento.<\/p>\t\t\t\t\t\t<\/div>\n\t\t\t\t<\/div>\n\t\t\t\t\t<\/div>\n\t\t<\/div>\n\t\t\t\t\t<\/div>\n\t\t<\/section>\n\t\t\t\t<section class=\"elementor-section elementor-top-section elementor-element elementor-element-6ba7b5b elementor-section-boxed elementor-section-height-default elementor-section-height-default exad-glass-effect-no exad-sticky-section-no\" data-id=\"6ba7b5b\" data-element_type=\"section\">\n\t\t\t\t\t\t<div class=\"elementor-container elementor-column-gap-default\">\n\t\t\t\t\t<div class=\"elementor-column elementor-col-100 elementor-top-column elementor-element elementor-element-6e6b8e3 exad-glass-effect-no exad-sticky-section-no\" data-id=\"6e6b8e3\" data-element_type=\"column\">\n\t\t\t<div class=\"elementor-widget-wrap elementor-element-populated\">\n\t\t\t\t\t\t<div class=\"elementor-element elementor-element-2474535 exad-sticky-section-no exad-glass-effect-no elementor-widget elementor-widget-html\" data-id=\"2474535\" data-element_type=\"widget\" data-widget_type=\"html.default\">\n\t\t\t\t<div class=\"elementor-widget-container\">\n\t\t\t<div class=\"sketchfab-embed-wrapper\"> <iframe title=\"POADOR DEL PONTET D'ALTEA.\" frameborder=\"0\" allowfullscreen mozallowfullscreen=\"true\" webkitallowfullscreen=\"true\" allow=\"autoplay; fullscreen; xr-spatial-tracking\" xr-spatial-tracking execution-while-out-of-viewport execution-while-not-rendered web-share width=\"1200\" height=\"720\" data-src=\"https:\/\/sketchfab.com\/models\/a460fce2bf8b4ccfbd0068b7557b581e\/embed\" src=\"data:image\/gif;base64,R0lGODlhAQABAAAAACH5BAEKAAEALAAAAAABAAEAAAICTAEAOw==\" class=\"lazyload\" data-load-mode=\"1\"> <\/iframe><\/div>\t\t<\/div>\n\t\t\t\t<\/div>\n\t\t\t\t\t<\/div>\n\t\t<\/div>\n\t\t\t\t\t<\/div>\n\t\t<\/section>\n\t\t\t\t<\/div>\n\t\t","protected":false},"excerpt":{"rendered":"<p>\u25c4volver A mediados del siglo XVIII, alrededor de un nacimiento natural de agua, se habilit\u00f3 una fuente de car\u00e1cter [&hellip;]<\/p>\n","protected":false},"author":1,"featured_media":0,"parent":0,"menu_order":0,"comment_status":"closed","ping_status":"closed","template":"template-fullwide.php","meta":{"_expiration-date-status":"","_expiration-date":0,"_expiration-date-type":"","_expiration-date-categories":[],"_expiration-date-options":[],"footnotes":""},"yoast_head":"<!-- This site is optimized with the Yoast SEO plugin v22.8 - https:\/\/yoast.com\/wordpress\/plugins\/seo\/ -->\n<title>Poador del pontet d\u2019Altea - Altea Cultural<\/title>\n<meta name=\"robots\" content=\"index, follow, max-snippet:-1, max-image-preview:large, max-video-preview:-1\" \/>\n<link rel=\"canonical\" href=\"https:\/\/www.alteacultural.com\/es\/poador-del-pontet-daltea\/\" \/>\n<meta property=\"og:locale\" content=\"es_ES\" \/>\n<meta property=\"og:type\" content=\"article\" \/>\n<meta property=\"og:title\" content=\"Poador del pontet d\u2019Altea - Altea Cultural\" \/>\n<meta property=\"og:description\" content=\"\u25c4volver A mediados del siglo XVIII, alrededor de un nacimiento natural de agua, se habilit\u00f3 una fuente de car\u00e1cter [&hellip;]\" \/>\n<meta property=\"og:url\" content=\"https:\/\/www.alteacultural.com\/es\/poador-del-pontet-daltea\/\" \/>\n<meta property=\"og:site_name\" content=\"Altea Cultural\" \/>\n<meta property=\"article:modified_time\" content=\"2022-02-23T11:34:32+00:00\" \/>\n<meta name=\"twitter:card\" content=\"summary_large_image\" \/>\n<meta name=\"twitter:label1\" content=\"Tiempo de lectura\" \/>\n\t<meta name=\"twitter:data1\" content=\"1 minuto\" \/>\n<script type=\"application\/ld+json\" class=\"yoast-schema-graph\">{\"@context\":\"https:\/\/schema.org\",\"@graph\":[{\"@type\":\"WebPage\",\"@id\":\"https:\/\/www.alteacultural.com\/es\/poador-del-pontet-daltea\/\",\"url\":\"https:\/\/www.alteacultural.com\/es\/poador-del-pontet-daltea\/\",\"name\":\"Poador del pontet d\u2019Altea - Altea Cultural\",\"isPartOf\":{\"@id\":\"https:\/\/www.alteacultural.com\/es\/#website\"},\"datePublished\":\"2022-02-08T13:29:36+00:00\",\"dateModified\":\"2022-02-23T11:34:32+00:00\",\"breadcrumb\":{\"@id\":\"https:\/\/www.alteacultural.com\/es\/poador-del-pontet-daltea\/#breadcrumb\"},\"inLanguage\":\"es\",\"potentialAction\":[{\"@type\":\"ReadAction\",\"target\":[\"https:\/\/www.alteacultural.com\/es\/poador-del-pontet-daltea\/\"]}]},{\"@type\":\"BreadcrumbList\",\"@id\":\"https:\/\/www.alteacultural.com\/es\/poador-del-pontet-daltea\/#breadcrumb\",\"itemListElement\":[{\"@type\":\"ListItem\",\"position\":1,\"name\":\"Inici\",\"item\":\"https:\/\/www.alteacultural.com\/es\/\"},{\"@type\":\"ListItem\",\"position\":2,\"name\":\"Poador del pontet d\u2019Altea\"}]},{\"@type\":\"WebSite\",\"@id\":\"https:\/\/www.alteacultural.com\/es\/#website\",\"url\":\"https:\/\/www.alteacultural.com\/es\/\",\"name\":\"Altea Cultural\",\"description\":\"Regidoria de Cultura de l&#039;Ajuntament d&#039;Altea\",\"potentialAction\":[{\"@type\":\"SearchAction\",\"target\":{\"@type\":\"EntryPoint\",\"urlTemplate\":\"https:\/\/www.alteacultural.com\/es\/?s={search_term_string}\"},\"query-input\":\"required name=search_term_string\"}],\"inLanguage\":\"es\"}]}<\/script>\n<!-- \/ Yoast SEO plugin. -->","yoast_head_json":{"title":"Poador del pontet d\u2019Altea - Altea Cultural","robots":{"index":"index","follow":"follow","max-snippet":"max-snippet:-1","max-image-preview":"max-image-preview:large","max-video-preview":"max-video-preview:-1"},"canonical":"https:\/\/www.alteacultural.com\/es\/poador-del-pontet-daltea\/","og_locale":"es_ES","og_type":"article","og_title":"Poador del pontet d\u2019Altea - Altea Cultural","og_description":"\u25c4volver A mediados del siglo XVIII, alrededor de un nacimiento natural de agua, se habilit\u00f3 una fuente de car\u00e1cter [&hellip;]","og_url":"https:\/\/www.alteacultural.com\/es\/poador-del-pontet-daltea\/","og_site_name":"Altea Cultural","article_modified_time":"2022-02-23T11:34:32+00:00","twitter_card":"summary_large_image","twitter_misc":{"Tiempo de lectura":"1 minuto"},"schema":{"@context":"https:\/\/schema.org","@graph":[{"@type":"WebPage","@id":"https:\/\/www.alteacultural.com\/es\/poador-del-pontet-daltea\/","url":"https:\/\/www.alteacultural.com\/es\/poador-del-pontet-daltea\/","name":"Poador del pontet d\u2019Altea - Altea Cultural","isPartOf":{"@id":"https:\/\/www.alteacultural.com\/es\/#website"},"datePublished":"2022-02-08T13:29:36+00:00","dateModified":"2022-02-23T11:34:32+00:00","breadcrumb":{"@id":"https:\/\/www.alteacultural.com\/es\/poador-del-pontet-daltea\/#breadcrumb"},"inLanguage":"es","potentialAction":[{"@type":"ReadAction","target":["https:\/\/www.alteacultural.com\/es\/poador-del-pontet-daltea\/"]}]},{"@type":"BreadcrumbList","@id":"https:\/\/www.alteacultural.com\/es\/poador-del-pontet-daltea\/#breadcrumb","itemListElement":[{"@type":"ListItem","position":1,"name":"Inici","item":"https:\/\/www.alteacultural.com\/es\/"},{"@type":"ListItem","position":2,"name":"Poador del pontet d\u2019Altea"}]},{"@type":"WebSite","@id":"https:\/\/www.alteacultural.com\/es\/#website","url":"https:\/\/www.alteacultural.com\/es\/","name":"Altea Cultural","description":"Regidoria de Cultura de l&#039;Ajuntament d&#039;Altea","potentialAction":[{"@type":"SearchAction","target":{"@type":"EntryPoint","urlTemplate":"https:\/\/www.alteacultural.com\/es\/?s={search_term_string}"},"query-input":"required name=search_term_string"}],"inLanguage":"es"}]}},"_links":{"self":[{"href":"https:\/\/www.alteacultural.com\/es\/wp-json\/wp\/v2\/pages\/15202"}],"collection":[{"href":"https:\/\/www.alteacultural.com\/es\/wp-json\/wp\/v2\/pages"}],"about":[{"href":"https:\/\/www.alteacultural.com\/es\/wp-json\/wp\/v2\/types\/page"}],"author":[{"embeddable":true,"href":"https:\/\/www.alteacultural.com\/es\/wp-json\/wp\/v2\/users\/1"}],"replies":[{"embeddable":true,"href":"https:\/\/www.alteacultural.com\/es\/wp-json\/wp\/v2\/comments?post=15202"}],"version-history":[{"count":18,"href":"https:\/\/www.alteacultural.com\/es\/wp-json\/wp\/v2\/pages\/15202\/revisions"}],"predecessor-version":[{"id":15940,"href":"https:\/\/www.alteacultural.com\/es\/wp-json\/wp\/v2\/pages\/15202\/revisions\/15940"}],"wp:attachment":[{"href":"https:\/\/www.alteacultural.com\/es\/wp-json\/wp\/v2\/media?parent=15202"}],"curies":[{"name":"wp","href":"https:\/\/api.w.org\/{rel}","templated":true}]}}