{"id":5214,"date":"2021-04-20T12:12:28","date_gmt":"2021-04-20T10:12:28","guid":{"rendered":"https:\/\/www.alteacultural.com\/play-altea\/"},"modified":"2021-04-21T09:54:23","modified_gmt":"2021-04-21T07:54:23","slug":"play-altea","status":"publish","type":"page","link":"https:\/\/www.alteacultural.com\/es\/play-altea\/","title":{"rendered":"Play Altea"},"content":{"rendered":"\t\t<div data-elementor-type=\"wp-page\" data-elementor-id=\"5214\" class=\"elementor elementor-5214\">\n\t\t\t\t\t\t<section class=\"elementor-section elementor-top-section elementor-element elementor-element-d14d2e0 elementor-section-boxed elementor-section-height-default elementor-section-height-default exad-glass-effect-no exad-sticky-section-no\" data-id=\"d14d2e0\" data-element_type=\"section\">\n\t\t\t\t\t\t<div class=\"elementor-container elementor-column-gap-default\">\n\t\t\t\t\t<div class=\"elementor-column elementor-col-100 elementor-top-column elementor-element elementor-element-bff57e3 exad-glass-effect-no exad-sticky-section-no\" data-id=\"bff57e3\" data-element_type=\"column\">\n\t\t\t<div class=\"elementor-widget-wrap elementor-element-populated\">\n\t\t\t\t\t\t<div class=\"elementor-element elementor-element-cf6f0e0 exad-sticky-section-no exad-glass-effect-no elementor-invisible elementor-widget elementor-widget-image\" data-id=\"cf6f0e0\" data-element_type=\"widget\" data-settings=\"{&quot;_animation&quot;:&quot;bounceInUp&quot;}\" data-widget_type=\"image.default\">\n\t\t\t\t<div class=\"elementor-widget-container\">\n\t\t\t\t\t\t\t\t\t\t\t\t\t<img fetchpriority=\"high\" decoding=\"async\" width=\"1080\" height=\"150\" src=\"https:\/\/www.alteacultural.com\/wp-content\/uploads\/2021\/04\/bannerplayalteaDEF.jpg\" class=\"attachment-large size-large wp-image-5252\" alt=\"\" srcset=\"https:\/\/www.alteacultural.com\/wp-content\/uploads\/2021\/04\/bannerplayalteaDEF.jpg 1080w, https:\/\/www.alteacultural.com\/wp-content\/uploads\/2021\/04\/bannerplayalteaDEF-768x107.jpg 768w\" sizes=\"(max-width: 1080px) 100vw, 1080px\" \/>\t\t\t\t\t\t\t\t\t\t\t\t\t<\/div>\n\t\t\t\t<\/div>\n\t\t\t\t\t<\/div>\n\t\t<\/div>\n\t\t\t\t\t<\/div>\n\t\t<\/section>\n\t\t\t\t<section class=\"elementor-section elementor-top-section elementor-element elementor-element-48ead21 elementor-section-boxed elementor-section-height-default elementor-section-height-default exad-glass-effect-no exad-sticky-section-no\" data-id=\"48ead21\" data-element_type=\"section\">\n\t\t\t\t\t\t<div class=\"elementor-container elementor-column-gap-default\">\n\t\t\t\t\t<div class=\"elementor-column elementor-col-100 elementor-top-column elementor-element elementor-element-7563ae8 exad-glass-effect-no exad-sticky-section-no\" data-id=\"7563ae8\" data-element_type=\"column\">\n\t\t\t<div class=\"elementor-widget-wrap elementor-element-populated\">\n\t\t\t\t\t\t<div class=\"elementor-element elementor-element-552e53b exad-sticky-section-no exad-glass-effect-no elementor-widget elementor-widget-video\" data-id=\"552e53b\" data-element_type=\"widget\" data-settings=\"{&quot;video_type&quot;:&quot;hosted&quot;,&quot;controls&quot;:&quot;yes&quot;}\" data-widget_type=\"video.default\">\n\t\t\t\t<div class=\"elementor-widget-container\">\n\t\t\t\t\t<div class=\"e-hosted-video elementor-wrapper elementor-open-inline\">\n\t\t\t\t\t<video class=\"elementor-video\" src=\"https:\/\/www.alteacultural.com\/wp-content\/uploads\/2021\/04\/VIDEO-3-playaltea-demo-001.mp4\" controls=\"\" preload=\"metadata\" controlsList=\"nodownload\"><\/video>\n\t\t\t\t<\/div>\n\t\t\t\t<\/div>\n\t\t\t\t<\/div>\n\t\t\t\t\t<\/div>\n\t\t<\/div>\n\t\t\t\t\t<\/div>\n\t\t<\/section>\n\t\t\t\t<section class=\"elementor-section elementor-top-section elementor-element elementor-element-ef0ea24 elementor-section-boxed elementor-section-height-default elementor-section-height-default exad-glass-effect-no exad-sticky-section-no\" data-id=\"ef0ea24\" data-element_type=\"section\">\n\t\t\t\t\t\t<div class=\"elementor-container elementor-column-gap-default\">\n\t\t\t\t\t<div class=\"elementor-column elementor-col-100 elementor-top-column elementor-element elementor-element-db22a7c exad-glass-effect-no exad-sticky-section-no\" data-id=\"db22a7c\" data-element_type=\"column\">\n\t\t\t<div class=\"elementor-widget-wrap elementor-element-populated\">\n\t\t\t\t\t\t<div class=\"elementor-element elementor-element-4b81f2f exad-sticky-section-no exad-glass-effect-no elementor-widget elementor-widget-uae-accordion\" data-id=\"4b81f2f\" data-element_type=\"widget\" data-widget_type=\"uae-accordion.default\">\n\t\t\t\t<div class=\"elementor-widget-container\">\n\t\t\t\t\t<link rel=\"stylesheet\" href=\"https:\/\/www.alteacultural.com\/wp-content\/plugins\/ultimate-addons-for-elementor\/css\/accordion.css\">\r\n\t\t\r\n\t\t<!--====== HTML CODING START ========-->\r\n\r\n\t\t<div class=\"mega-accordion mae_accordion400 accordion_theme_0\" data-active=\"false\" data-anim=\"350\" data-event=\"click\" data-closeicons=\"fas fa-plus\" data-activeicons=\"fas fa-minus\">\r\n\t\t\t\t\t\t\t<h5 class=\"ac-style\" style=\"margin-top: 0px; border-style: solid; border-color: #000; color: ; background: #fff;\">\r\n\t\t\t\t\tRutas y caracter\u00edsticas\t\t\t\t<\/h5>\r\n\t\t\t\t<div class=\"mega-panel\" style=\"margin-bottom: 0px; background: #fff; border-width: ; border-style: solid; border-color: #fff;\">\r\n\t\t\t\t  <p style=\"text-align: center;\">PlayAltea es una audiogu\u00eda de PlayGu\u00eda en la que podr\u00e1s encontrar:<\/p><p style=\"text-align: center;\"><span style=\"color: #00ff00;\">\u2713<\/span> Ruta sierra de B\u00e8rnia<br \/><span style=\"color: #00ff00;\">\u2713<\/span> Ruta Altea la Vella<br \/><span style=\"color: #00ff00;\">\u2713<\/span> Arte al casco antiguo de Altea<br \/><span style=\"color: #00ff00;\">\u2713<\/span> 400 a\u00f1os de Historia de Altea<br \/><span style=\"color: #00ff00;\">\u2713<\/span> El Camino real, vora mar<br \/><span style=\"color: #00ff00;\">\u2713<\/span> Rio Algar, flora y fauna<br \/><span style=\"color: #00ff00;\">\u2713<\/span> Altea la Vella, los or\u00edgenes<br \/><span style=\"color: #00ff00;\">\u2713<\/span> BIC Altea, Raval Mariner<\/p><p style=\"text-align: center;\">Otros:<br \/>- Modo offline<br \/>- Mapa con geolocalizaci\u00f3n hasta el punto de inter\u00e9s.<\/p>\t\t\t\t<\/div>\r\n\t\t\t\t\t<\/div>\r\n\r\n\t\t<style>\r\n\t\t\t.mae_accordion400 .ac-style .ui-accordion-header-icon {\r\n\t\t\t\tfont-size: 15px;\r\n\t\t\t}\r\n\t\t<\/style>\r\n\r\n\t\t\t\t<\/div>\n\t\t\t\t<\/div>\n\t\t\t\t\t<\/div>\n\t\t<\/div>\n\t\t\t\t\t<\/div>\n\t\t<\/section>\n\t\t\t\t<section class=\"elementor-section elementor-top-section elementor-element elementor-element-e00b4ea elementor-section-boxed elementor-section-height-default elementor-section-height-default exad-glass-effect-no exad-sticky-section-no\" data-id=\"e00b4ea\" data-element_type=\"section\">\n\t\t\t\t\t\t<div class=\"elementor-container elementor-column-gap-default\">\n\t\t\t\t\t<div class=\"elementor-column elementor-col-50 elementor-top-column elementor-element elementor-element-c745065 exad-glass-effect-no exad-sticky-section-no\" data-id=\"c745065\" data-element_type=\"column\">\n\t\t\t<div class=\"elementor-widget-wrap elementor-element-populated\">\n\t\t\t\t\t\t<div class=\"elementor-element elementor-element-8191227 exad-sticky-section-no exad-glass-effect-no elementor-widget elementor-widget-image\" data-id=\"8191227\" data-element_type=\"widget\" data-widget_type=\"image.default\">\n\t\t\t\t<div class=\"elementor-widget-container\">\n\t\t\t\t\t\t\t\t\t\t\t\t\t<img decoding=\"async\" width=\"350\" height=\"500\" data-src=\"https:\/\/www.alteacultural.com\/wp-content\/uploads\/2021\/04\/qrparaplayaltea.png\" class=\"attachment-large size-large wp-image-5149 lazyload\" alt=\"\" src=\"data:image\/gif;base64,R0lGODlhAQABAAAAACH5BAEKAAEALAAAAAABAAEAAAICTAEAOw==\" style=\"--smush-placeholder-width: 350px; --smush-placeholder-aspect-ratio: 350\/500;\" \/>\t\t\t\t\t\t\t\t\t\t\t\t\t<\/div>\n\t\t\t\t<\/div>\n\t\t\t\t\t<\/div>\n\t\t<\/div>\n\t\t\t\t<div class=\"elementor-column elementor-col-50 elementor-top-column elementor-element elementor-element-7aadd8b exad-glass-effect-no exad-sticky-section-no\" data-id=\"7aadd8b\" data-element_type=\"column\">\n\t\t\t<div class=\"elementor-widget-wrap elementor-element-populated\">\n\t\t\t\t\t\t<div class=\"elementor-element elementor-element-e4de90c exad-sticky-section-no exad-glass-effect-no elementor-widget elementor-widget-image\" data-id=\"e4de90c\" data-element_type=\"widget\" data-widget_type=\"image.default\">\n\t\t\t\t<div class=\"elementor-widget-container\">\n\t\t\t\t\t\t\t\t\t\t\t\t\t<img decoding=\"async\" width=\"350\" height=\"500\" data-src=\"https:\/\/www.alteacultural.com\/wp-content\/uploads\/2021\/04\/IDIOMASPLAYALTEA.png\" class=\"attachment-large size-large wp-image-5166 lazyload\" alt=\"\" src=\"data:image\/gif;base64,R0lGODlhAQABAAAAACH5BAEKAAEALAAAAAABAAEAAAICTAEAOw==\" style=\"--smush-placeholder-width: 350px; --smush-placeholder-aspect-ratio: 350\/500;\" \/>\t\t\t\t\t\t\t\t\t\t\t\t\t<\/div>\n\t\t\t\t<\/div>\n\t\t\t\t\t<\/div>\n\t\t<\/div>\n\t\t\t\t\t<\/div>\n\t\t<\/section>\n\t\t\t\t<section class=\"elementor-section elementor-top-section elementor-element elementor-element-bda64f0 elementor-section-boxed elementor-section-height-default elementor-section-height-default exad-glass-effect-no exad-sticky-section-no\" data-id=\"bda64f0\" data-element_type=\"section\">\n\t\t\t\t\t\t<div class=\"elementor-container elementor-column-gap-default\">\n\t\t\t\t\t<div class=\"elementor-column elementor-col-100 elementor-top-column elementor-element elementor-element-f61b190 exad-glass-effect-no exad-sticky-section-no\" data-id=\"f61b190\" data-element_type=\"column\">\n\t\t\t<div class=\"elementor-widget-wrap elementor-element-populated\">\n\t\t\t\t\t\t<div class=\"elementor-element elementor-element-c984230 exad-sticky-section-no exad-glass-effect-no elementor-widget elementor-widget-image\" data-id=\"c984230\" data-element_type=\"widget\" data-widget_type=\"image.default\">\n\t\t\t\t<div class=\"elementor-widget-container\">\n\t\t\t\t\t\t\t\t\t\t\t\t\t<img decoding=\"async\" width=\"5965\" height=\"1768\" data-src=\"https:\/\/www.alteacultural.com\/wp-content\/uploads\/2021\/04\/aytovisit.png\" class=\"attachment-large size-large wp-image-5192 lazyload\" alt=\"\" data-srcset=\"https:\/\/www.alteacultural.com\/wp-content\/uploads\/2021\/04\/aytovisit.png 5965w, https:\/\/www.alteacultural.com\/wp-content\/uploads\/2021\/04\/aytovisit-768x228.png 768w, https:\/\/www.alteacultural.com\/wp-content\/uploads\/2021\/04\/aytovisit-1536x455.png 1536w, https:\/\/www.alteacultural.com\/wp-content\/uploads\/2021\/04\/aytovisit-2048x607.png 2048w\" data-sizes=\"(max-width: 5965px) 100vw, 5965px\" src=\"data:image\/gif;base64,R0lGODlhAQABAAAAACH5BAEKAAEALAAAAAABAAEAAAICTAEAOw==\" style=\"--smush-placeholder-width: 5965px; --smush-placeholder-aspect-ratio: 5965\/1768;\" \/>\t\t\t\t\t\t\t\t\t\t\t\t\t<\/div>\n\t\t\t\t<\/div>\n\t\t\t\t\t<\/div>\n\t\t<\/div>\n\t\t\t\t\t<\/div>\n\t\t<\/section>\n\t\t\t\t<\/div>\n\t\t","protected":false},"excerpt":{"rendered":"<p>https:\/\/www.alteacultural.com\/wp-content\/uploads\/2021\/04\/VIDEO-3-playaltea-demo-001.mp4 Rutas y caracter\u00edsticas PlayAltea es una audiogu\u00eda de PlayGu\u00eda en la que podr\u00e1s encontrar: \u2713 Ruta sierra de [&hellip;]<\/p>\n","protected":false},"author":1,"featured_media":0,"parent":0,"menu_order":0,"comment_status":"closed","ping_status":"closed","template":"template-fullwide.php","meta":{"_expiration-date-status":"saved","_expiration-date":0,"_expiration-date-type":"","_expiration-date-categories":[],"_expiration-date-options":[],"footnotes":""},"yoast_head":"<!-- This site is optimized with the Yoast SEO plugin v22.8 - https:\/\/yoast.com\/wordpress\/plugins\/seo\/ -->\n<title>Play Altea - Altea Cultural<\/title>\n<meta name=\"robots\" content=\"index, follow, max-snippet:-1, max-image-preview:large, max-video-preview:-1\" \/>\n<link rel=\"canonical\" href=\"https:\/\/www.alteacultural.com\/es\/play-altea\/\" \/>\n<meta property=\"og:locale\" content=\"es_ES\" \/>\n<meta property=\"og:type\" content=\"article\" \/>\n<meta property=\"og:title\" content=\"Play Altea - Altea Cultural\" \/>\n<meta property=\"og:description\" content=\"https:\/\/www.alteacultural.com\/wp-content\/uploads\/2021\/04\/VIDEO-3-playaltea-demo-001.mp4 Rutas y caracter\u00edsticas PlayAltea es una audiogu\u00eda de PlayGu\u00eda en la que podr\u00e1s encontrar: \u2713 Ruta sierra de [&hellip;]\" \/>\n<meta property=\"og:url\" content=\"https:\/\/www.alteacultural.com\/es\/play-altea\/\" \/>\n<meta property=\"og:site_name\" content=\"Altea Cultural\" \/>\n<meta property=\"article:modified_time\" content=\"2021-04-21T07:54:23+00:00\" \/>\n<meta property=\"og:image\" content=\"https:\/\/www.alteacultural.com\/wp-content\/uploads\/2021\/04\/bannerplayalteaDEF.jpg\" \/>\n<meta name=\"twitter:card\" content=\"summary_large_image\" \/>\n<meta name=\"twitter:label1\" content=\"Tiempo de lectura\" \/>\n\t<meta name=\"twitter:data1\" content=\"2 minutos\" \/>\n<script type=\"application\/ld+json\" class=\"yoast-schema-graph\">{\"@context\":\"https:\/\/schema.org\",\"@graph\":[{\"@type\":\"WebPage\",\"@id\":\"https:\/\/www.alteacultural.com\/es\/play-altea\/\",\"url\":\"https:\/\/www.alteacultural.com\/es\/play-altea\/\",\"name\":\"Play Altea - Altea Cultural\",\"isPartOf\":{\"@id\":\"https:\/\/www.alteacultural.com\/es\/#website\"},\"primaryImageOfPage\":{\"@id\":\"https:\/\/www.alteacultural.com\/es\/play-altea\/#primaryimage\"},\"image\":{\"@id\":\"https:\/\/www.alteacultural.com\/es\/play-altea\/#primaryimage\"},\"thumbnailUrl\":\"https:\/\/www.alteacultural.com\/wp-content\/uploads\/2021\/04\/bannerplayalteaDEF.jpg\",\"datePublished\":\"2021-04-20T10:12:28+00:00\",\"dateModified\":\"2021-04-21T07:54:23+00:00\",\"breadcrumb\":{\"@id\":\"https:\/\/www.alteacultural.com\/es\/play-altea\/#breadcrumb\"},\"inLanguage\":\"es\",\"potentialAction\":[{\"@type\":\"ReadAction\",\"target\":[\"https:\/\/www.alteacultural.com\/es\/play-altea\/\"]}]},{\"@type\":\"ImageObject\",\"inLanguage\":\"es\",\"@id\":\"https:\/\/www.alteacultural.com\/es\/play-altea\/#primaryimage\",\"url\":\"https:\/\/www.alteacultural.com\/wp-content\/uploads\/2021\/04\/bannerplayalteaDEF.jpg\",\"contentUrl\":\"https:\/\/www.alteacultural.com\/wp-content\/uploads\/2021\/04\/bannerplayalteaDEF.jpg\"},{\"@type\":\"BreadcrumbList\",\"@id\":\"https:\/\/www.alteacultural.com\/es\/play-altea\/#breadcrumb\",\"itemListElement\":[{\"@type\":\"ListItem\",\"position\":1,\"name\":\"Inici\",\"item\":\"https:\/\/www.alteacultural.com\/es\/\"},{\"@type\":\"ListItem\",\"position\":2,\"name\":\"Play Altea\"}]},{\"@type\":\"WebSite\",\"@id\":\"https:\/\/www.alteacultural.com\/es\/#website\",\"url\":\"https:\/\/www.alteacultural.com\/es\/\",\"name\":\"Altea Cultural\",\"description\":\"Regidoria de Cultura de l&#039;Ajuntament d&#039;Altea\",\"potentialAction\":[{\"@type\":\"SearchAction\",\"target\":{\"@type\":\"EntryPoint\",\"urlTemplate\":\"https:\/\/www.alteacultural.com\/es\/?s={search_term_string}\"},\"query-input\":\"required name=search_term_string\"}],\"inLanguage\":\"es\"}]}<\/script>\n<!-- \/ Yoast SEO plugin. -->","yoast_head_json":{"title":"Play Altea - Altea Cultural","robots":{"index":"index","follow":"follow","max-snippet":"max-snippet:-1","max-image-preview":"max-image-preview:large","max-video-preview":"max-video-preview:-1"},"canonical":"https:\/\/www.alteacultural.com\/es\/play-altea\/","og_locale":"es_ES","og_type":"article","og_title":"Play Altea - Altea Cultural","og_description":"https:\/\/www.alteacultural.com\/wp-content\/uploads\/2021\/04\/VIDEO-3-playaltea-demo-001.mp4 Rutas y caracter\u00edsticas PlayAltea es una audiogu\u00eda de PlayGu\u00eda en la que podr\u00e1s encontrar: \u2713 Ruta sierra de [&hellip;]","og_url":"https:\/\/www.alteacultural.com\/es\/play-altea\/","og_site_name":"Altea Cultural","article_modified_time":"2021-04-21T07:54:23+00:00","og_image":[{"url":"https:\/\/www.alteacultural.com\/wp-content\/uploads\/2021\/04\/bannerplayalteaDEF.jpg"}],"twitter_card":"summary_large_image","twitter_misc":{"Tiempo de lectura":"2 minutos"},"schema":{"@context":"https:\/\/schema.org","@graph":[{"@type":"WebPage","@id":"https:\/\/www.alteacultural.com\/es\/play-altea\/","url":"https:\/\/www.alteacultural.com\/es\/play-altea\/","name":"Play Altea - Altea Cultural","isPartOf":{"@id":"https:\/\/www.alteacultural.com\/es\/#website"},"primaryImageOfPage":{"@id":"https:\/\/www.alteacultural.com\/es\/play-altea\/#primaryimage"},"image":{"@id":"https:\/\/www.alteacultural.com\/es\/play-altea\/#primaryimage"},"thumbnailUrl":"https:\/\/www.alteacultural.com\/wp-content\/uploads\/2021\/04\/bannerplayalteaDEF.jpg","datePublished":"2021-04-20T10:12:28+00:00","dateModified":"2021-04-21T07:54:23+00:00","breadcrumb":{"@id":"https:\/\/www.alteacultural.com\/es\/play-altea\/#breadcrumb"},"inLanguage":"es","potentialAction":[{"@type":"ReadAction","target":["https:\/\/www.alteacultural.com\/es\/play-altea\/"]}]},{"@type":"ImageObject","inLanguage":"es","@id":"https:\/\/www.alteacultural.com\/es\/play-altea\/#primaryimage","url":"https:\/\/www.alteacultural.com\/wp-content\/uploads\/2021\/04\/bannerplayalteaDEF.jpg","contentUrl":"https:\/\/www.alteacultural.com\/wp-content\/uploads\/2021\/04\/bannerplayalteaDEF.jpg"},{"@type":"BreadcrumbList","@id":"https:\/\/www.alteacultural.com\/es\/play-altea\/#breadcrumb","itemListElement":[{"@type":"ListItem","position":1,"name":"Inici","item":"https:\/\/www.alteacultural.com\/es\/"},{"@type":"ListItem","position":2,"name":"Play Altea"}]},{"@type":"WebSite","@id":"https:\/\/www.alteacultural.com\/es\/#website","url":"https:\/\/www.alteacultural.com\/es\/","name":"Altea Cultural","description":"Regidoria de Cultura de l&#039;Ajuntament d&#039;Altea","potentialAction":[{"@type":"SearchAction","target":{"@type":"EntryPoint","urlTemplate":"https:\/\/www.alteacultural.com\/es\/?s={search_term_string}"},"query-input":"required name=search_term_string"}],"inLanguage":"es"}]}},"_links":{"self":[{"href":"https:\/\/www.alteacultural.com\/es\/wp-json\/wp\/v2\/pages\/5214"}],"collection":[{"href":"https:\/\/www.alteacultural.com\/es\/wp-json\/wp\/v2\/pages"}],"about":[{"href":"https:\/\/www.alteacultural.com\/es\/wp-json\/wp\/v2\/types\/page"}],"author":[{"embeddable":true,"href":"https:\/\/www.alteacultural.com\/es\/wp-json\/wp\/v2\/users\/1"}],"replies":[{"embeddable":true,"href":"https:\/\/www.alteacultural.com\/es\/wp-json\/wp\/v2\/comments?post=5214"}],"version-history":[{"count":6,"href":"https:\/\/www.alteacultural.com\/es\/wp-json\/wp\/v2\/pages\/5214\/revisions"}],"predecessor-version":[{"id":5257,"href":"https:\/\/www.alteacultural.com\/es\/wp-json\/wp\/v2\/pages\/5214\/revisions\/5257"}],"wp:attachment":[{"href":"https:\/\/www.alteacultural.com\/es\/wp-json\/wp\/v2\/media?parent=5214"}],"curies":[{"name":"wp","href":"https:\/\/api.w.org\/{rel}","templated":true}]}}