{"id":7621,"date":"2021-05-25T11:47:42","date_gmt":"2021-05-25T09:47:42","guid":{"rendered":"https:\/\/www.alteacultural.com\/sfa\/"},"modified":"2021-11-01T17:41:05","modified_gmt":"2021-11-01T16:41:05","slug":"sfa","status":"publish","type":"page","link":"https:\/\/www.alteacultural.com\/es\/sfa\/","title":{"rendered":"SFA &#8211; Sociedad Filarm\u00f3nica Alteanense"},"content":{"rendered":"\t\t<div data-elementor-type=\"wp-page\" data-elementor-id=\"7621\" class=\"elementor elementor-7621\">\n\t\t\t\t\t\t<section class=\"elementor-section elementor-top-section elementor-element elementor-element-f0f5fb2 elementor-section-full_width elementor-section-stretched elementor-section-height-default elementor-section-height-default exad-glass-effect-no exad-sticky-section-no\" data-id=\"f0f5fb2\" data-element_type=\"section\" data-settings=\"{&quot;stretch_section&quot;:&quot;section-stretched&quot;}\">\n\t\t\t\t\t\t<div class=\"elementor-container elementor-column-gap-no\">\n\t\t\t\t\t<div class=\"elementor-column elementor-col-100 elementor-top-column elementor-element elementor-element-eca26c1 exad-glass-effect-no exad-sticky-section-no\" data-id=\"eca26c1\" data-element_type=\"column\">\n\t\t\t<div class=\"elementor-widget-wrap elementor-element-populated\">\n\t\t\t\t\t\t<div class=\"elementor-element elementor-element-4a09d4a exad-sticky-section-no exad-glass-effect-no elementor-widget elementor-widget-image\" data-id=\"4a09d4a\" data-element_type=\"widget\" data-widget_type=\"image.default\">\n\t\t\t\t<div class=\"elementor-widget-container\">\n\t\t\t\t\t\t\t\t\t\t\t\t\t<img fetchpriority=\"high\" decoding=\"async\" width=\"2000\" height=\"400\" src=\"https:\/\/www.alteacultural.com\/wp-content\/uploads\/2021\/05\/sfab.jpg\" class=\"attachment-large size-large wp-image-7635\" alt=\"\" srcset=\"https:\/\/www.alteacultural.com\/wp-content\/uploads\/2021\/05\/sfab.jpg 2000w, https:\/\/www.alteacultural.com\/wp-content\/uploads\/2021\/05\/sfab-768x154.jpg 768w, https:\/\/www.alteacultural.com\/wp-content\/uploads\/2021\/05\/sfab-1536x307.jpg 1536w\" sizes=\"(max-width: 2000px) 100vw, 2000px\" \/>\t\t\t\t\t\t\t\t\t\t\t\t\t<\/div>\n\t\t\t\t<\/div>\n\t\t\t\t\t<\/div>\n\t\t<\/div>\n\t\t\t\t\t<\/div>\n\t\t<\/section>\n\t\t\t\t<section class=\"elementor-section elementor-top-section elementor-element elementor-element-926c063 elementor-section-boxed elementor-section-height-default elementor-section-height-default exad-glass-effect-no exad-sticky-section-no\" data-id=\"926c063\" data-element_type=\"section\">\n\t\t\t\t\t\t<div class=\"elementor-container elementor-column-gap-default\">\n\t\t\t\t\t<div class=\"elementor-column elementor-col-100 elementor-top-column elementor-element elementor-element-a5a91d4 exad-glass-effect-no exad-sticky-section-no\" data-id=\"a5a91d4\" data-element_type=\"column\">\n\t\t\t<div class=\"elementor-widget-wrap elementor-element-populated\">\n\t\t\t\t\t\t<div class=\"elementor-element elementor-element-10e6264 exad-sticky-section-no exad-glass-effect-no elementor-widget elementor-widget-spacer\" data-id=\"10e6264\" data-element_type=\"widget\" data-widget_type=\"spacer.default\">\n\t\t\t\t<div class=\"elementor-widget-container\">\n\t\t\t\t\t<div class=\"elementor-spacer\">\n\t\t\t<div class=\"elementor-spacer-inner\"><\/div>\n\t\t<\/div>\n\t\t\t\t<\/div>\n\t\t\t\t<\/div>\n\t\t\t\t\t<\/div>\n\t\t<\/div>\n\t\t\t\t\t<\/div>\n\t\t<\/section>\n\t\t\t\t<section class=\"elementor-section elementor-top-section elementor-element elementor-element-aabe75b elementor-section-boxed elementor-section-height-default elementor-section-height-default exad-glass-effect-no exad-sticky-section-no\" data-id=\"aabe75b\" data-element_type=\"section\">\n\t\t\t\t\t\t<div class=\"elementor-container elementor-column-gap-default\">\n\t\t\t\t\t<div class=\"elementor-column elementor-col-100 elementor-top-column elementor-element elementor-element-7372f6e exad-glass-effect-no exad-sticky-section-no\" data-id=\"7372f6e\" data-element_type=\"column\">\n\t\t\t<div class=\"elementor-widget-wrap elementor-element-populated\">\n\t\t\t\t\t\t<div class=\"elementor-element elementor-element-2777cff exad-sticky-section-no exad-glass-effect-no elementor-widget elementor-widget-heading\" data-id=\"2777cff\" data-element_type=\"widget\" data-widget_type=\"heading.default\">\n\t\t\t\t<div class=\"elementor-widget-container\">\n\t\t\t<h2 class=\"elementor-heading-title elementor-size-default\">Programaci\u00f3n SFA<\/h2>\t\t<\/div>\n\t\t\t\t<\/div>\n\t\t\t\t\t<\/div>\n\t\t<\/div>\n\t\t\t\t\t<\/div>\n\t\t<\/section>\n\t\t\t\t<section class=\"elementor-section elementor-top-section elementor-element elementor-element-0a61aff elementor-section-boxed elementor-section-height-default elementor-section-height-default exad-glass-effect-no exad-sticky-section-no\" data-id=\"0a61aff\" data-element_type=\"section\">\n\t\t\t\t\t\t<div class=\"elementor-container elementor-column-gap-default\">\n\t\t\t\t\t<div class=\"elementor-column elementor-col-100 elementor-top-column elementor-element elementor-element-dc981a2 exad-glass-effect-no exad-sticky-section-no\" data-id=\"dc981a2\" data-element_type=\"column\">\n\t\t\t<div class=\"elementor-widget-wrap elementor-element-populated\">\n\t\t\t\t\t\t<div class=\"elementor-element elementor-element-a9c072f exad-sticky-section-no exad-glass-effect-no elementor-widget elementor-widget-shortcode\" data-id=\"a9c072f\" data-element_type=\"widget\" data-widget_type=\"shortcode.default\">\n\t\t\t\t<div class=\"elementor-widget-container\">\n\t\t\t\t\t<div class=\"elementor-shortcode\"><div class=\"mec-wrap mec-skin-grid-container \" id=\"mec_skin_12535\">\r\n    \r\n        \r\n        <div class=\"mec-skin-grid-events-container\" id=\"mec_skin_events_12535\">\r\n        \u00a1No hay eventos!    <\/div>\r\n        \r\n        \r\n<\/div><\/div>\n\t\t\t\t<\/div>\n\t\t\t\t<\/div>\n\t\t\t\t\t<\/div>\n\t\t<\/div>\n\t\t\t\t\t<\/div>\n\t\t<\/section>\n\t\t\t\t<section class=\"elementor-section elementor-top-section elementor-element elementor-element-7d688d9 elementor-section-boxed elementor-section-height-default elementor-section-height-default exad-glass-effect-no exad-sticky-section-no\" data-id=\"7d688d9\" data-element_type=\"section\">\n\t\t\t\t\t\t<div class=\"elementor-container elementor-column-gap-default\">\n\t\t\t\t\t<div class=\"elementor-column elementor-col-100 elementor-top-column elementor-element elementor-element-96a907f exad-glass-effect-no exad-sticky-section-no\" data-id=\"96a907f\" data-element_type=\"column\">\n\t\t\t<div class=\"elementor-widget-wrap elementor-element-populated\">\n\t\t\t\t\t\t<div class=\"elementor-element elementor-element-48b7c14 exad-sticky-section-no exad-glass-effect-no elementor-widget elementor-widget-text-editor\" data-id=\"48b7c14\" data-element_type=\"widget\" data-widget_type=\"text-editor.default\">\n\t\t\t\t<div class=\"elementor-widget-container\">\n\t\t\t\t\t\t\t<p style=\"text-align: center;\">La Filarm\u00f3nica Alteanense es la agrupaci\u00f3n musical m\u00e1s conocida de Altea. Esta sociedad musical tiene sus or\u00edgenes en 1889, aunque es a partir de 1931, a\u00f1o en que se aprueban sus estatutos, cuando la Filarm\u00f3nica se convierte en el principal foco cultural de Altea, pues crea la\u00a0biblioteca p\u00fablica\u00a0y edita la\u00a0revista ALTEA\u00a0desde 1931 hasta 1936.<\/p><p style=\"text-align: center;\">La Filarm\u00f3nica cuenta con diversas agrupaciones musicales: Coral, Orquesta de Pulso y P\u00faa, Orquesta de C\u00e1mara y Banda Sinf\u00f3nica.\u00a0<\/p>\t\t\t\t\t\t<\/div>\n\t\t\t\t<\/div>\n\t\t\t\t\t<\/div>\n\t\t<\/div>\n\t\t\t\t\t<\/div>\n\t\t<\/section>\n\t\t\t\t<section class=\"elementor-section elementor-top-section elementor-element elementor-element-1237693 elementor-section-boxed elementor-section-height-default elementor-section-height-default exad-glass-effect-no exad-sticky-section-no\" data-id=\"1237693\" data-element_type=\"section\">\n\t\t\t\t\t\t<div class=\"elementor-container elementor-column-gap-default\">\n\t\t\t\t\t<div class=\"elementor-column elementor-col-100 elementor-top-column elementor-element elementor-element-f4cd621 exad-glass-effect-no exad-sticky-section-no\" data-id=\"f4cd621\" data-element_type=\"column\">\n\t\t\t<div class=\"elementor-widget-wrap elementor-element-populated\">\n\t\t\t\t\t\t<div class=\"elementor-element elementor-element-d7dde2f exad-sticky-section-no exad-glass-effect-no elementor-widget elementor-widget-html\" data-id=\"d7dde2f\" data-element_type=\"widget\" data-widget_type=\"html.default\">\n\t\t\t\t<div class=\"elementor-widget-container\">\n\t\t\t<div class=\"wptb-table-container wptb-table-7611\"><div class=\"wptb-table-container-matrix\" id=\"wptb-table-id-7611\" data-wptb-version=\"2.0.7\" data-wptb-pro-status=\"false\"><table class=\"wptb-preview-table wptb-element-main-table_setting-5805\" data-reconstraction=\"1\" style=\"border: 1px solid rgb(252, 252, 252);\" data-wptb-table-tds-sum-max-width=\"649\" data-wptb-extra-styles=\"LyogRW50ZXIgeW91ciBjdXN0b20gQ1NTIHJ1bGVzIGhlcmUgKi8=\" role=\"table\" data-wptb-td-width-auto=\"100\" data-wptb-responsive-directives=\"eyJyZXNwb25zaXZlRW5hYmxlZCI6dHJ1ZSwicmVzcG9uc2l2ZU1vZGUiOiJhdXRvIiwicHJlc2VydmVSb3dDb2xvciI6ZmFsc2UsInJlbGF0aXZlV2lkdGgiOiJjb250YWluZXIiLCJoZWFkZXJGdWxseU1lcmdlZCI6ZmFsc2UsIm1vZGVPcHRpb25zIjp7ImF1dG8iOnsidG9wUm93QXNIZWFkZXIiOnsiZGVza3RvcCI6ZmFsc2UsInRhYmxldCI6dHJ1ZSwibW9iaWxlIjpmYWxzZX0sInJlcGVhdE1lcmdlZEhlYWRlciI6eyJkZXNrdG9wIjp0cnVlLCJ0YWJsZXQiOnRydWUsIm1vYmlsZSI6dHJ1ZX0sInN0YXRpY1RvcFJvdyI6eyJkZXNrdG9wIjpmYWxzZSwidGFibGV0IjpmYWxzZSwibW9iaWxlIjpmYWxzZX0sImNlbGxTdGFja0RpcmVjdGlvbiI6eyJkZXNrdG9wIjoicm93IiwidGFibGV0Ijoicm93IiwibW9iaWxlIjoicm93In0sImNlbGxzUGVyUm93Ijp7ImRlc2t0b3AiOjEsInRhYmxldCI6MSwibW9iaWxlIjoxfX19LCJicmVha3BvaW50cyI6eyJkZXNrdG9wIjp7Im5hbWUiOiJkZXNrdG9wIiwid2lkdGgiOjEwMjR9LCJ0YWJsZXQiOnsibmFtZSI6InRhYmxldCIsIndpZHRoIjo3MDB9LCJtb2JpbGUiOnsibmFtZSI6Im1vYmlsZSIsIndpZHRoIjozMDB9fX0=\" data-wptb-adaptive-table=\"0\" data-table-columns=\"3\" data-wptb-table-alignment=\"center\"><tbody><tr class=\"wptb-row\"><td class=\"wptb-cell\" style=\"border: 1px none rgb(252, 252, 252); width: 50px;\" data-x-index=\"0\" data-y-index=\"0\" data-wptb-cell-vertical-alignment=\"center\" data-sorted-vertical=\"ask-disabled\" data-sorted-horizontal=\"ask-disabled\"><div class=\"wptb-image-container wptb-ph-element wptb-element-image-2\"><div class=\"wptb-image-wrapper\">            <a style=\"display: block; width: 36%;\"><img decoding=\"async\" data-src=\"\/\/www.alteacultural.com\/wp-content\/uploads\/2021\/04\/clock-with-white-face_icon-icons.com_72804.png\" height=\"32\" width=\"32\" style=\"--smush-placeholder-width: 32px; --smush-placeholder-aspect-ratio: 32\/32;width: 100%;\" class=\"wptb-image-element-target lazyload\" src=\"data:image\/gif;base64,R0lGODlhAQABAAAAACH5BAEKAAEALAAAAAABAAEAAAICTAEAOw==\"><\/a>        <\/div><\/div><\/td><td class=\"wptb-cell\" data-y-index=\"0\" data-x-index=\"1\" style=\"border: 1px none rgb(252, 252, 252); width: 141px;\" data-sorted-vertical=\"ask-disabled\"><div class=\"wptb-text-container wptb-ph-element wptb-element-text-1\" style=\"font-size: 18px;\"><div class=\"\" style=\"position: relative;\"><p style=\"text-align: center;\">Horario<\/p><\/div><\/div><\/td><td class=\"wptb-cell\" data-y-index=\"0\" data-x-index=\"2\" style=\"border: 1px none rgb(252, 252, 252); width: 366px;\" data-sorted-vertical=\"ask-disabled\"><div class=\"wptb-text-container wptb-ph-element wptb-element-text-2\" style=\"font-size: 15px;\"><div class=\"\" style=\"position: relative;\"><p style=\"text-align: center;\"><em>Consultar en web<\/em><\/p><p><\/p><\/div><\/div><\/td><\/tr><tr class=\"wptb-row\"><td class=\"wptb-cell\" style=\"border: 1px none rgb(252, 252, 252); width: 50px;\" data-x-index=\"0\" data-y-index=\"1\" data-sorted-horizontal=\"ask-disabled\"><div class=\"wptb-image-container wptb-ph-element wptb-element-image-4\"><div class=\"wptb-image-wrapper\">            <a style=\"display: block; width: 36%;\" class=\"\"><img decoding=\"async\" data-src=\"\/\/www.alteacultural.com\/wp-content\/uploads\/2021\/04\/place_90615.png\" height=\"32\" width=\"32\" style=\"--smush-placeholder-width: 32px; --smush-placeholder-aspect-ratio: 32\/32;width: 100%;\" class=\"wptb-image-element-target lazyload\" src=\"data:image\/gif;base64,R0lGODlhAQABAAAAACH5BAEKAAEALAAAAAABAAEAAAICTAEAOw==\"><\/a>        <\/div><\/div><\/td><td class=\"wptb-cell\" data-y-index=\"1\" data-x-index=\"1\" style=\"border: 1px none rgb(252, 252, 252); width: 141px;\"><div class=\"wptb-text-container wptb-ph-element wptb-element-text-4\" style=\"font-size: 18px;\"><div class=\"\" style=\"position: relative;\"><p style=\"text-align: center;\">Direcci&oacute;n<\/p><p><\/p><\/div><\/div><\/td><td class=\"wptb-cell\" data-y-index=\"1\" data-x-index=\"2\" style=\"border: 1px none rgb(252, 252, 252); width: 366px;\"><div class=\"wptb-text-container wptb-ph-element wptb-element-text-4\" style=\"font-size: 15px;\"><div class=\"\" style=\"position: relative;\"><p style=\"text-align: center;\">C\/ Filarm&oacute;nica, 12, 03590 Altea, Alicante<\/p><\/div><\/div><\/td><\/tr><tr class=\"wptb-row\"><td class=\"wptb-cell\" style=\"border: 1px none rgb(252, 252, 252); width: 50px;\" data-x-index=\"0\" data-y-index=\"2\" data-sorted-horizontal=\"ask-disabled\"><div class=\"wptb-image-container wptb-ph-element wptb-element-image-5\"><div class=\"wptb-image-wrapper\">            <a style=\"display: block; width: 36%;\" class=\"\"><img decoding=\"async\" data-src=\"\/\/www.alteacultural.com\/wp-content\/uploads\/2021\/04\/circle_customer_help_info_information_service_support_icon_123208.png\" height=\"32\" width=\"32\" style=\"--smush-placeholder-width: 32px; --smush-placeholder-aspect-ratio: 32\/32;width: 100%;\" class=\"wptb-image-element-target lazyload\" src=\"data:image\/gif;base64,R0lGODlhAQABAAAAACH5BAEKAAEALAAAAAABAAEAAAICTAEAOw==\"><\/a>        <\/div><\/div><\/td><td class=\"wptb-cell\" data-y-index=\"2\" data-x-index=\"1\" style=\"border: 1px none rgb(252, 252, 252); width: 141px;\"><div class=\"wptb-text-container wptb-ph-element wptb-element-text-5 edit-active\" style=\"font-size: 18px;\"><div class=\"\" style=\"position: relative;\"><p style=\"text-align: center;\">M&aacute;s informaci&oacute;n<\/p><p><\/p><\/div><\/div><\/td><td class=\"wptb-cell\" data-y-index=\"2\" data-x-index=\"2\" style=\"border: 1px none rgb(252, 252, 252); width: 366px;\"><div class=\"wptb-custom_html-container wptb-ph-element wptb-element-custom_html-1\"><div class=\"wptb-custom-html-wrapper\" data-wptb-new-element=\"1\" style=\"position: relative;\"><center class=\"\"><a href=\"http:\/\/www.sfaltea.com\" target=\"_blank\" rel=\"noopener\" data-mce-href=\"http:\/\/www.sfaltea.com\">www.sfaltea.com<\/a><\/center><\/div><\/div><\/td><\/tr><\/tbody><\/table><\/div><\/div>\n\t\t<\/div>\n\t\t\t\t<\/div>\n\t\t\t\t\t<\/div>\n\t\t<\/div>\n\t\t\t\t\t<\/div>\n\t\t<\/section>\n\t\t\t\t<section class=\"elementor-section elementor-top-section elementor-element elementor-element-748b010 elementor-section-full_width elementor-section-stretched elementor-section-height-default elementor-section-height-default exad-glass-effect-no exad-sticky-section-no\" data-id=\"748b010\" data-element_type=\"section\" data-settings=\"{&quot;stretch_section&quot;:&quot;section-stretched&quot;}\">\n\t\t\t\t\t\t<div class=\"elementor-container elementor-column-gap-no\">\n\t\t\t\t\t<div class=\"elementor-column elementor-col-100 elementor-top-column elementor-element elementor-element-d5acf2e exad-glass-effect-no exad-sticky-section-no\" data-id=\"d5acf2e\" data-element_type=\"column\">\n\t\t\t<div class=\"elementor-widget-wrap elementor-element-populated\">\n\t\t\t\t\t\t<div class=\"elementor-element elementor-element-c7e31ac exad-sticky-section-no exad-glass-effect-no elementor-widget elementor-widget-google_maps\" data-id=\"c7e31ac\" data-element_type=\"widget\" data-widget_type=\"google_maps.default\">\n\t\t\t\t<div class=\"elementor-widget-container\">\n\t\t\t\t\t<div class=\"elementor-custom-embed\">\n\t\t\t<iframe\n\t\t\t\t\tdata-src=\"https:\/\/maps.google.com\/maps?q=Carrer%20de%20la%20Filharm%C3%B2nica%2C%2012%2C%C2%A003590&#038;t=m&#038;z=15&#038;output=embed&#038;iwloc=near\"\n\t\t\t\t\ttitle=\"Carrer de la Filharm\u00f2nica, 12,\u00a003590\"\n\t\t\t\t\taria-label=\"Carrer de la Filharm\u00f2nica, 12,\u00a003590\"\n\t\t\t src=\"data:image\/gif;base64,R0lGODlhAQABAAAAACH5BAEKAAEALAAAAAABAAEAAAICTAEAOw==\" class=\"lazyload\" data-load-mode=\"1\"><\/iframe>\n\t\t<\/div>\n\t\t\t\t<\/div>\n\t\t\t\t<\/div>\n\t\t\t\t\t<\/div>\n\t\t<\/div>\n\t\t\t\t\t<\/div>\n\t\t<\/section>\n\t\t\t\t<\/div>\n\t\t","protected":false},"excerpt":{"rendered":"<p>Programaci\u00f3n SFA La Filarm\u00f3nica Alteanense es la agrupaci\u00f3n musical m\u00e1s conocida de Altea. Esta sociedad musical tiene sus or\u00edgenes [&hellip;]<\/p>\n","protected":false},"author":1,"featured_media":0,"parent":0,"menu_order":0,"comment_status":"closed","ping_status":"closed","template":"template-fullwide.php","meta":{"_expiration-date-status":"saved","_expiration-date":0,"_expiration-date-type":"","_expiration-date-categories":[],"_expiration-date-options":[],"footnotes":""},"yoast_head":"<!-- This site is optimized with the Yoast SEO plugin v22.8 - https:\/\/yoast.com\/wordpress\/plugins\/seo\/ -->\n<title>SFA - Sociedad Filarm\u00f3nica Alteanense - Altea Cultural<\/title>\n<meta name=\"robots\" content=\"index, follow, max-snippet:-1, max-image-preview:large, max-video-preview:-1\" \/>\n<link rel=\"canonical\" href=\"https:\/\/www.alteacultural.com\/es\/sfa\/\" \/>\n<meta property=\"og:locale\" content=\"es_ES\" \/>\n<meta property=\"og:type\" content=\"article\" \/>\n<meta property=\"og:title\" content=\"SFA - Sociedad Filarm\u00f3nica Alteanense - Altea Cultural\" \/>\n<meta property=\"og:description\" content=\"Programaci\u00f3n SFA La Filarm\u00f3nica Alteanense es la agrupaci\u00f3n musical m\u00e1s conocida de Altea. Esta sociedad musical tiene sus or\u00edgenes [&hellip;]\" \/>\n<meta property=\"og:url\" content=\"https:\/\/www.alteacultural.com\/es\/sfa\/\" \/>\n<meta property=\"og:site_name\" content=\"Altea Cultural\" \/>\n<meta property=\"article:modified_time\" content=\"2021-11-01T16:41:05+00:00\" \/>\n<meta property=\"og:image\" content=\"https:\/\/www.alteacultural.com\/wp-content\/uploads\/2021\/05\/sfab.jpg\" \/>\n<meta name=\"twitter:card\" content=\"summary_large_image\" \/>\n<meta name=\"twitter:label1\" content=\"Tiempo de lectura\" \/>\n\t<meta name=\"twitter:data1\" content=\"7 minutos\" \/>\n<script type=\"application\/ld+json\" class=\"yoast-schema-graph\">{\"@context\":\"https:\/\/schema.org\",\"@graph\":[{\"@type\":\"WebPage\",\"@id\":\"https:\/\/www.alteacultural.com\/es\/sfa\/\",\"url\":\"https:\/\/www.alteacultural.com\/es\/sfa\/\",\"name\":\"SFA - Sociedad Filarm\u00f3nica Alteanense - Altea Cultural\",\"isPartOf\":{\"@id\":\"https:\/\/www.alteacultural.com\/es\/#website\"},\"primaryImageOfPage\":{\"@id\":\"https:\/\/www.alteacultural.com\/es\/sfa\/#primaryimage\"},\"image\":{\"@id\":\"https:\/\/www.alteacultural.com\/es\/sfa\/#primaryimage\"},\"thumbnailUrl\":\"https:\/\/www.alteacultural.com\/wp-content\/uploads\/2021\/05\/sfab.jpg\",\"datePublished\":\"2021-05-25T09:47:42+00:00\",\"dateModified\":\"2021-11-01T16:41:05+00:00\",\"breadcrumb\":{\"@id\":\"https:\/\/www.alteacultural.com\/es\/sfa\/#breadcrumb\"},\"inLanguage\":\"es\",\"potentialAction\":[{\"@type\":\"ReadAction\",\"target\":[\"https:\/\/www.alteacultural.com\/es\/sfa\/\"]}]},{\"@type\":\"ImageObject\",\"inLanguage\":\"es\",\"@id\":\"https:\/\/www.alteacultural.com\/es\/sfa\/#primaryimage\",\"url\":\"https:\/\/www.alteacultural.com\/wp-content\/uploads\/2021\/05\/sfab.jpg\",\"contentUrl\":\"https:\/\/www.alteacultural.com\/wp-content\/uploads\/2021\/05\/sfab.jpg\"},{\"@type\":\"BreadcrumbList\",\"@id\":\"https:\/\/www.alteacultural.com\/es\/sfa\/#breadcrumb\",\"itemListElement\":[{\"@type\":\"ListItem\",\"position\":1,\"name\":\"Inici\",\"item\":\"https:\/\/www.alteacultural.com\/es\/\"},{\"@type\":\"ListItem\",\"position\":2,\"name\":\"SFA &#8211; Sociedad Filarm\u00f3nica Alteanense\"}]},{\"@type\":\"WebSite\",\"@id\":\"https:\/\/www.alteacultural.com\/es\/#website\",\"url\":\"https:\/\/www.alteacultural.com\/es\/\",\"name\":\"Altea Cultural\",\"description\":\"Regidoria de Cultura de l&#039;Ajuntament d&#039;Altea\",\"potentialAction\":[{\"@type\":\"SearchAction\",\"target\":{\"@type\":\"EntryPoint\",\"urlTemplate\":\"https:\/\/www.alteacultural.com\/es\/?s={search_term_string}\"},\"query-input\":\"required name=search_term_string\"}],\"inLanguage\":\"es\"}]}<\/script>\n<!-- \/ Yoast SEO plugin. -->","yoast_head_json":{"title":"SFA - Sociedad Filarm\u00f3nica Alteanense - Altea Cultural","robots":{"index":"index","follow":"follow","max-snippet":"max-snippet:-1","max-image-preview":"max-image-preview:large","max-video-preview":"max-video-preview:-1"},"canonical":"https:\/\/www.alteacultural.com\/es\/sfa\/","og_locale":"es_ES","og_type":"article","og_title":"SFA - Sociedad Filarm\u00f3nica Alteanense - Altea Cultural","og_description":"Programaci\u00f3n SFA La Filarm\u00f3nica Alteanense es la agrupaci\u00f3n musical m\u00e1s conocida de Altea. Esta sociedad musical tiene sus or\u00edgenes [&hellip;]","og_url":"https:\/\/www.alteacultural.com\/es\/sfa\/","og_site_name":"Altea Cultural","article_modified_time":"2021-11-01T16:41:05+00:00","og_image":[{"url":"https:\/\/www.alteacultural.com\/wp-content\/uploads\/2021\/05\/sfab.jpg"}],"twitter_card":"summary_large_image","twitter_misc":{"Tiempo de lectura":"7 minutos"},"schema":{"@context":"https:\/\/schema.org","@graph":[{"@type":"WebPage","@id":"https:\/\/www.alteacultural.com\/es\/sfa\/","url":"https:\/\/www.alteacultural.com\/es\/sfa\/","name":"SFA - Sociedad Filarm\u00f3nica Alteanense - Altea Cultural","isPartOf":{"@id":"https:\/\/www.alteacultural.com\/es\/#website"},"primaryImageOfPage":{"@id":"https:\/\/www.alteacultural.com\/es\/sfa\/#primaryimage"},"image":{"@id":"https:\/\/www.alteacultural.com\/es\/sfa\/#primaryimage"},"thumbnailUrl":"https:\/\/www.alteacultural.com\/wp-content\/uploads\/2021\/05\/sfab.jpg","datePublished":"2021-05-25T09:47:42+00:00","dateModified":"2021-11-01T16:41:05+00:00","breadcrumb":{"@id":"https:\/\/www.alteacultural.com\/es\/sfa\/#breadcrumb"},"inLanguage":"es","potentialAction":[{"@type":"ReadAction","target":["https:\/\/www.alteacultural.com\/es\/sfa\/"]}]},{"@type":"ImageObject","inLanguage":"es","@id":"https:\/\/www.alteacultural.com\/es\/sfa\/#primaryimage","url":"https:\/\/www.alteacultural.com\/wp-content\/uploads\/2021\/05\/sfab.jpg","contentUrl":"https:\/\/www.alteacultural.com\/wp-content\/uploads\/2021\/05\/sfab.jpg"},{"@type":"BreadcrumbList","@id":"https:\/\/www.alteacultural.com\/es\/sfa\/#breadcrumb","itemListElement":[{"@type":"ListItem","position":1,"name":"Inici","item":"https:\/\/www.alteacultural.com\/es\/"},{"@type":"ListItem","position":2,"name":"SFA &#8211; Sociedad Filarm\u00f3nica Alteanense"}]},{"@type":"WebSite","@id":"https:\/\/www.alteacultural.com\/es\/#website","url":"https:\/\/www.alteacultural.com\/es\/","name":"Altea Cultural","description":"Regidoria de Cultura de l&#039;Ajuntament d&#039;Altea","potentialAction":[{"@type":"SearchAction","target":{"@type":"EntryPoint","urlTemplate":"https:\/\/www.alteacultural.com\/es\/?s={search_term_string}"},"query-input":"required name=search_term_string"}],"inLanguage":"es"}]}},"_links":{"self":[{"href":"https:\/\/www.alteacultural.com\/es\/wp-json\/wp\/v2\/pages\/7621"}],"collection":[{"href":"https:\/\/www.alteacultural.com\/es\/wp-json\/wp\/v2\/pages"}],"about":[{"href":"https:\/\/www.alteacultural.com\/es\/wp-json\/wp\/v2\/types\/page"}],"author":[{"embeddable":true,"href":"https:\/\/www.alteacultural.com\/es\/wp-json\/wp\/v2\/users\/1"}],"replies":[{"embeddable":true,"href":"https:\/\/www.alteacultural.com\/es\/wp-json\/wp\/v2\/comments?post=7621"}],"version-history":[{"count":13,"href":"https:\/\/www.alteacultural.com\/es\/wp-json\/wp\/v2\/pages\/7621\/revisions"}],"predecessor-version":[{"id":12556,"href":"https:\/\/www.alteacultural.com\/es\/wp-json\/wp\/v2\/pages\/7621\/revisions\/12556"}],"wp:attachment":[{"href":"https:\/\/www.alteacultural.com\/es\/wp-json\/wp\/v2\/media?parent=7621"}],"curies":[{"name":"wp","href":"https:\/\/api.w.org\/{rel}","templated":true}]}}