{"id":7645,"date":"2021-05-25T12:34:20","date_gmt":"2021-05-25T10:34:20","guid":{"rendered":"https:\/\/www.alteacultural.com\/?page_id=7645"},"modified":"2022-11-05T13:03:26","modified_gmt":"2022-11-05T12:03:26","slug":"societatrecreativaalv","status":"publish","type":"page","link":"https:\/\/www.alteacultural.com\/es\/societatrecreativaalv\/","title":{"rendered":"Societat Recreativa Musical d&#8217;Altea la Vella"},"content":{"rendered":"\t\t<div data-elementor-type=\"wp-page\" data-elementor-id=\"7645\" class=\"elementor elementor-7645\">\n\t\t\t\t\t\t<section class=\"elementor-section elementor-top-section elementor-element elementor-element-c5d4a84 elementor-section-full_width elementor-section-stretched elementor-section-height-default elementor-section-height-default exad-glass-effect-no exad-sticky-section-no\" data-id=\"c5d4a84\" data-element_type=\"section\" data-settings=\"{&quot;stretch_section&quot;:&quot;section-stretched&quot;}\">\n\t\t\t\t\t\t<div class=\"elementor-container elementor-column-gap-no\">\n\t\t\t\t\t<div class=\"elementor-column elementor-col-100 elementor-top-column elementor-element elementor-element-af16bad exad-glass-effect-no exad-sticky-section-no\" data-id=\"af16bad\" data-element_type=\"column\">\n\t\t\t<div class=\"elementor-widget-wrap elementor-element-populated\">\n\t\t\t\t\t\t<div class=\"elementor-element elementor-element-1094c0f exad-sticky-section-no exad-glass-effect-no elementor-widget elementor-widget-image\" data-id=\"1094c0f\" data-element_type=\"widget\" data-widget_type=\"image.default\">\n\t\t\t\t<div class=\"elementor-widget-container\">\n\t\t\t\t\t\t\t\t\t\t\t\t\t<img fetchpriority=\"high\" decoding=\"async\" width=\"2000\" height=\"400\" src=\"https:\/\/www.alteacultural.com\/wp-content\/uploads\/2021\/05\/scmalv.jpg\" class=\"attachment-large size-large wp-image-7650\" alt=\"\" srcset=\"https:\/\/www.alteacultural.com\/wp-content\/uploads\/2021\/05\/scmalv.jpg 2000w, https:\/\/www.alteacultural.com\/wp-content\/uploads\/2021\/05\/scmalv-768x154.jpg 768w, https:\/\/www.alteacultural.com\/wp-content\/uploads\/2021\/05\/scmalv-1536x307.jpg 1536w\" sizes=\"(max-width: 2000px) 100vw, 2000px\" \/>\t\t\t\t\t\t\t\t\t\t\t\t\t<\/div>\n\t\t\t\t<\/div>\n\t\t\t\t\t<\/div>\n\t\t<\/div>\n\t\t\t\t\t<\/div>\n\t\t<\/section>\n\t\t\t\t<section class=\"elementor-section elementor-top-section elementor-element elementor-element-12a91cf elementor-section-boxed elementor-section-height-default elementor-section-height-default exad-glass-effect-no exad-sticky-section-no\" data-id=\"12a91cf\" data-element_type=\"section\">\n\t\t\t\t\t\t<div class=\"elementor-container elementor-column-gap-default\">\n\t\t\t\t\t<div class=\"elementor-column elementor-col-100 elementor-top-column elementor-element elementor-element-8da15a9 exad-glass-effect-no exad-sticky-section-no\" data-id=\"8da15a9\" data-element_type=\"column\">\n\t\t\t<div class=\"elementor-widget-wrap elementor-element-populated\">\n\t\t\t\t\t\t<div class=\"elementor-element elementor-element-fd0fe6c exad-sticky-section-no exad-glass-effect-no elementor-widget elementor-widget-spacer\" data-id=\"fd0fe6c\" data-element_type=\"widget\" data-widget_type=\"spacer.default\">\n\t\t\t\t<div class=\"elementor-widget-container\">\n\t\t\t\t\t<div class=\"elementor-spacer\">\n\t\t\t<div class=\"elementor-spacer-inner\"><\/div>\n\t\t<\/div>\n\t\t\t\t<\/div>\n\t\t\t\t<\/div>\n\t\t\t\t\t<\/div>\n\t\t<\/div>\n\t\t\t\t\t<\/div>\n\t\t<\/section>\n\t\t\t\t<section class=\"elementor-section elementor-top-section elementor-element elementor-element-bf63459 elementor-section-boxed elementor-section-height-default elementor-section-height-default exad-glass-effect-no exad-sticky-section-no\" data-id=\"bf63459\" data-element_type=\"section\">\n\t\t\t\t\t\t<div class=\"elementor-container elementor-column-gap-default\">\n\t\t\t\t\t<div class=\"elementor-column elementor-col-100 elementor-top-column elementor-element elementor-element-2883d4d exad-glass-effect-no exad-sticky-section-no\" data-id=\"2883d4d\" data-element_type=\"column\">\n\t\t\t<div class=\"elementor-widget-wrap elementor-element-populated\">\n\t\t\t\t\t\t<div class=\"elementor-element elementor-element-199f1b1 exad-sticky-section-no exad-glass-effect-no elementor-widget elementor-widget-text-editor\" data-id=\"199f1b1\" data-element_type=\"widget\" data-widget_type=\"text-editor.default\">\n\t\t\t\t<div class=\"elementor-widget-container\">\n\t\t\t\t\t\t\t<p style=\"text-align: center;\">Hace m\u00e1s de 75 a\u00f1os nac\u00eda una banda en \u201cel Poblet de les Cases\u201d, la\u00a0<strong>Sociedad Recreativa Musical d\u2019Altea la Vella<\/strong>.<\/p><p style=\"text-align: center;\">Esta historia est\u00e1 marcada por la ilusi\u00f3n y el esfuerzo de sus componentes, que han hecho posible este sue\u00f1o.<br \/>Se trata de una banda de gente joven en su la mayor\u00eda, pero con una gran responsabilidad conscientes de que la sociedad se fund\u00f3 en 1934.<\/p>\t\t\t\t\t\t<\/div>\n\t\t\t\t<\/div>\n\t\t\t\t\t<\/div>\n\t\t<\/div>\n\t\t\t\t\t<\/div>\n\t\t<\/section>\n\t\t\t\t<section class=\"elementor-section elementor-top-section elementor-element elementor-element-987eb35 elementor-section-boxed elementor-section-height-default elementor-section-height-default exad-glass-effect-no exad-sticky-section-no\" data-id=\"987eb35\" data-element_type=\"section\">\n\t\t\t\t\t\t<div class=\"elementor-container elementor-column-gap-default\">\n\t\t\t\t\t<div class=\"elementor-column elementor-col-100 elementor-top-column elementor-element elementor-element-3d3ffd7 exad-glass-effect-no exad-sticky-section-no\" data-id=\"3d3ffd7\" data-element_type=\"column\">\n\t\t\t<div class=\"elementor-widget-wrap elementor-element-populated\">\n\t\t\t\t\t\t<div class=\"elementor-element elementor-element-5eef33f exad-sticky-section-no exad-glass-effect-no elementor-widget elementor-widget-html\" data-id=\"5eef33f\" data-element_type=\"widget\" data-widget_type=\"html.default\">\n\t\t\t\t<div class=\"elementor-widget-container\">\n\t\t\t<div class=\"wptb-table-container wptb-table-7659\"><div class=\"wptb-table-container-matrix\" id=\"wptb-table-id-7659\" data-wptb-version=\"2.0.7\" data-wptb-pro-status=\"false\"><table class=\"wptb-preview-table wptb-element-main-table_setting-5805\" data-reconstraction=\"1\" style=\"border: 1px solid rgb(252, 252, 252);\" data-wptb-table-tds-sum-max-width=\"649\" data-wptb-extra-styles=\"LyogRW50ZXIgeW91ciBjdXN0b20gQ1NTIHJ1bGVzIGhlcmUgKi8=\" role=\"table\" data-wptb-td-width-auto=\"100\" data-wptb-responsive-directives=\"eyJyZXNwb25zaXZlRW5hYmxlZCI6dHJ1ZSwicmVzcG9uc2l2ZU1vZGUiOiJhdXRvIiwicHJlc2VydmVSb3dDb2xvciI6ZmFsc2UsInJlbGF0aXZlV2lkdGgiOiJjb250YWluZXIiLCJoZWFkZXJGdWxseU1lcmdlZCI6ZmFsc2UsIm1vZGVPcHRpb25zIjp7ImF1dG8iOnsidG9wUm93QXNIZWFkZXIiOnsiZGVza3RvcCI6ZmFsc2UsInRhYmxldCI6dHJ1ZSwibW9iaWxlIjpmYWxzZX0sInJlcGVhdE1lcmdlZEhlYWRlciI6eyJkZXNrdG9wIjp0cnVlLCJ0YWJsZXQiOnRydWUsIm1vYmlsZSI6dHJ1ZX0sInN0YXRpY1RvcFJvdyI6eyJkZXNrdG9wIjpmYWxzZSwidGFibGV0IjpmYWxzZSwibW9iaWxlIjpmYWxzZX0sImNlbGxTdGFja0RpcmVjdGlvbiI6eyJkZXNrdG9wIjoicm93IiwidGFibGV0Ijoicm93IiwibW9iaWxlIjoicm93In0sImNlbGxzUGVyUm93Ijp7ImRlc2t0b3AiOjEsInRhYmxldCI6MSwibW9iaWxlIjoxfX19LCJicmVha3BvaW50cyI6eyJkZXNrdG9wIjp7Im5hbWUiOiJkZXNrdG9wIiwid2lkdGgiOjEwMjR9LCJ0YWJsZXQiOnsibmFtZSI6InRhYmxldCIsIndpZHRoIjo3MDB9LCJtb2JpbGUiOnsibmFtZSI6Im1vYmlsZSIsIndpZHRoIjozMDB9fX0=\" data-wptb-adaptive-table=\"0\" data-table-columns=\"3\" data-wptb-table-alignment=\"center\"><tbody><tr class=\"wptb-row\"><td class=\"wptb-cell\" style=\"border: 1px none rgb(252, 252, 252); width: 50px;\" data-x-index=\"0\" data-y-index=\"0\" data-wptb-cell-vertical-alignment=\"center\" data-sorted-vertical=\"ask-disabled\" data-sorted-horizontal=\"ask-disabled\"><div class=\"wptb-image-container wptb-ph-element wptb-element-image-2\"><div class=\"wptb-image-wrapper\">            <a style=\"display: block; width: 36%;\"><img decoding=\"async\" data-src=\"\/\/www.alteacultural.com\/wp-content\/uploads\/2021\/04\/clock-with-white-face_icon-icons.com_72804.png\" height=\"32\" width=\"32\" style=\"--smush-placeholder-width: 32px; --smush-placeholder-aspect-ratio: 32\/32;width: 100%;\" class=\"wptb-image-element-target lazyload\" src=\"data:image\/gif;base64,R0lGODlhAQABAAAAACH5BAEKAAEALAAAAAABAAEAAAICTAEAOw==\"><\/a>        <\/div><\/div><\/td><td class=\"wptb-cell\" data-y-index=\"0\" data-x-index=\"1\" style=\"border: 1px none rgb(252, 252, 252); width: 141px;\" data-sorted-vertical=\"ask-disabled\"><div class=\"wptb-text-container wptb-ph-element wptb-element-text-1\" style=\"font-size: 18px;\"><div class=\"\" style=\"position: relative;\"><p style=\"text-align: center;\">Horario<\/p><\/div><\/div><\/td><td class=\"wptb-cell\" data-y-index=\"0\" data-x-index=\"2\" style=\"border: 1px none rgb(252, 252, 252); width: 366px;\" data-sorted-vertical=\"ask-disabled\"><div class=\"wptb-text-container wptb-ph-element wptb-element-text-2\" style=\"font-size: 15px;\"><div class=\"\" style=\"position: relative;\"><p style=\"text-align: center;\">Consultar en web<\/p><p><\/p><\/div><\/div><\/td><\/tr><tr class=\"wptb-row\"><td class=\"wptb-cell\" style=\"border: 1px none rgb(252, 252, 252); width: 50px;\" data-x-index=\"0\" data-y-index=\"1\" data-sorted-horizontal=\"ask-disabled\"><div class=\"wptb-image-container wptb-ph-element wptb-element-image-3\"><div class=\"wptb-image-wrapper\">            <a style=\"display: block; width: 36%;\" class=\"\"><img decoding=\"async\" data-src=\"\/\/www.alteacultural.com\/wp-content\/uploads\/2021\/04\/ticket_4271.png\" height=\"32\" width=\"32\" style=\"--smush-placeholder-width: 32px; --smush-placeholder-aspect-ratio: 32\/32;width: 100%;\" class=\"wptb-image-element-target lazyload\" src=\"data:image\/gif;base64,R0lGODlhAQABAAAAACH5BAEKAAEALAAAAAABAAEAAAICTAEAOw==\"><\/a>        <\/div><\/div><\/td><td class=\"wptb-cell\" data-y-index=\"1\" data-x-index=\"1\" style=\"border: 1px none rgb(252, 252, 252); width: 141px;\"><div class=\"wptb-text-container wptb-ph-element wptb-element-text-3\" style=\"font-size: 18px;\"><div class=\"\" style=\"position: relative;\"><p style=\"text-align: center;\">Precio<\/p><p><\/p><\/div><\/div><\/td><td class=\"wptb-cell\" data-y-index=\"1\" data-x-index=\"2\" style=\"border: 1px none rgb(252, 252, 252); width: 366px;\"><div class=\"wptb-text-container wptb-ph-element wptb-element-text-4\" style=\"font-size: 15px;\"><div class=\"\" style=\"position: relative;\"><p style=\"text-align: center;\">-<\/p><\/div><\/div><\/td><\/tr><tr class=\"wptb-row\"><td class=\"wptb-cell\" style=\"border: 1px none rgb(252, 252, 252); width: 50px;\" data-x-index=\"0\" data-y-index=\"2\" data-sorted-horizontal=\"ask-disabled\"><div class=\"wptb-image-container wptb-ph-element wptb-element-image-4\"><div class=\"wptb-image-wrapper\">            <a style=\"display: block; width: 36%;\"><img decoding=\"async\" data-src=\"\/\/www.alteacultural.com\/wp-content\/uploads\/2021\/04\/place_90615.png\" height=\"32\" width=\"32\" style=\"--smush-placeholder-width: 32px; --smush-placeholder-aspect-ratio: 32\/32;width: 100%;\" class=\"wptb-image-element-target lazyload\" src=\"data:image\/gif;base64,R0lGODlhAQABAAAAACH5BAEKAAEALAAAAAABAAEAAAICTAEAOw==\"><\/a>        <\/div><\/div><\/td><td class=\"wptb-cell\" data-y-index=\"2\" data-x-index=\"1\" style=\"border: 1px none rgb(252, 252, 252); width: 141px;\"><div class=\"wptb-text-container wptb-ph-element wptb-element-text-5\" style=\"font-size: 18px;\"><div class=\"\" style=\"position: relative;\"><p style=\"text-align: center;\">Direcci&oacute;n<\/p><p><\/p><\/div><\/div><\/td><td class=\"wptb-cell\" data-y-index=\"2\" data-x-index=\"2\" style=\"border: 1px none rgb(252, 252, 252); width: 366px;\"><div class=\"wptb-text-container wptb-ph-element wptb-element-text-6\" style=\"font-size: 15px;\"><div class=\"\" style=\"position: relative;\"><p style=\"text-align: center;\">Ctra. de Callosa, 37, 03590 Altea, Alicante<\/p><\/div><\/div><\/td><\/tr><tr class=\"wptb-row\"><td class=\"wptb-cell\" style=\"border: 1px none rgb(252, 252, 252); width: 50px;\" data-x-index=\"0\" data-y-index=\"3\" data-sorted-horizontal=\"ask-disabled\"><div class=\"wptb-image-container wptb-ph-element wptb-element-image-5\"><div class=\"wptb-image-wrapper\">            <a style=\"display: block; width: 36%;\"><img decoding=\"async\" data-src=\"\/\/www.alteacultural.com\/wp-content\/uploads\/2021\/04\/circle_customer_help_info_information_service_support_icon_123208.png\" height=\"32\" width=\"32\" style=\"--smush-placeholder-width: 32px; --smush-placeholder-aspect-ratio: 32\/32;width: 100%;\" class=\"wptb-image-element-target lazyload\" src=\"data:image\/gif;base64,R0lGODlhAQABAAAAACH5BAEKAAEALAAAAAABAAEAAAICTAEAOw==\"><\/a>        <\/div><\/div><\/td><td class=\"wptb-cell\" data-y-index=\"3\" data-x-index=\"1\" style=\"border: 1px none rgb(252, 252, 252); width: 141px;\"><div class=\"wptb-text-container wptb-ph-element wptb-element-text-7\" style=\"font-size: 18px;\"><div class=\"\" style=\"position: relative;\"><p style=\"text-align: center;\">M&aacute;s informaci&oacute;n<\/p><p><\/p><\/div><\/div><\/td><td class=\"wptb-cell\" data-y-index=\"3\" data-x-index=\"2\" style=\"border: 1px none rgb(252, 252, 252); width: 366px;\"><div class=\"wptb-custom_html-container wptb-ph-element wptb-element-custom_html-1\"><div class=\"wptb-custom-html-wrapper\" data-wptb-new-element=\"1\" style=\"position: relative;\"><center class=\"\"><a href=\"https:\/\/es-es.facebook.com\/people\/Societat-Recreativa-Musical-dAltea-la-Vella\/100039677902752\/\" target=\"_blank\" rel=\"noopener\" data-mce-href=\"https:\/\/es-es.facebook.com\/people\/Societat-Recreativa-Musical-dAltea-la-Vella\/100039677902752\/\">facebook.com\/Societat-Recreativa-Musical-dAltea-la-Vella\/<\/a><\/center><\/div><\/div><\/td><\/tr><tr class=\"wptb-row\"><td class=\"wptb-cell\" style=\"border: 1px none rgb(252, 252, 252); width: 50px;\" data-x-index=\"0\" data-y-index=\"4\" data-sorted-horizontal=\"ask-disabled\"><div class=\"wptb-image-container wptb-ph-element wptb-element-image-6\"><div class=\"wptb-image-wrapper\">            <a style=\"display: block; width: 36%;\"><img decoding=\"async\" data-src=\"\/\/www.alteacultural.com\/wp-content\/uploads\/2021\/04\/ios7-gear_icon-icons.com_50262.png\" height=\"32\" width=\"32\" style=\"--smush-placeholder-width: 32px; --smush-placeholder-aspect-ratio: 32\/32;width: 100%;\" class=\"wptb-image-element-target lazyload\" src=\"data:image\/gif;base64,R0lGODlhAQABAAAAACH5BAEKAAEALAAAAAABAAEAAAICTAEAOw==\"><\/a>        <\/div><\/div><\/td><td class=\"wptb-cell\" data-y-index=\"4\" data-x-index=\"1\" style=\"border: 1px none rgb(252, 252, 252); width: 141px;\"><div class=\"wptb-text-container wptb-ph-element wptb-element-text-9 edit-active\" style=\"font-size: 18px;\"><div class=\"\" style=\"position: relative;\"><p style=\"text-align: center;\">Caracter&iacute;sticas t&eacute;cnicas<\/p><p><\/p><\/div><\/div><\/td><td class=\"wptb-cell\" data-y-index=\"4\" data-x-index=\"2\" style=\"border: 1px none rgb(252, 252, 252); width: 366px;\"><div class=\"wptb-text-container wptb-ph-element wptb-element-text-12\"><div class=\"\" style=\"position: relative;\"><p><\/p><\/div><\/div><\/td><\/tr><\/tbody><\/table><\/div><\/div>\n\t\t<\/div>\n\t\t\t\t<\/div>\n\t\t\t\t\t<\/div>\n\t\t<\/div>\n\t\t\t\t\t<\/div>\n\t\t<\/section>\n\t\t\t\t<section class=\"elementor-section elementor-top-section elementor-element elementor-element-b90fcf9 elementor-section-full_width elementor-section-stretched elementor-section-height-default elementor-section-height-default exad-glass-effect-no exad-sticky-section-no\" data-id=\"b90fcf9\" data-element_type=\"section\" data-settings=\"{&quot;stretch_section&quot;:&quot;section-stretched&quot;}\">\n\t\t\t\t\t\t<div class=\"elementor-container elementor-column-gap-no\">\n\t\t\t\t\t<div class=\"elementor-column elementor-col-100 elementor-top-column elementor-element elementor-element-e6780f9 exad-glass-effect-no exad-sticky-section-no\" data-id=\"e6780f9\" data-element_type=\"column\">\n\t\t\t<div class=\"elementor-widget-wrap elementor-element-populated\">\n\t\t\t\t\t\t<div class=\"elementor-element elementor-element-0fe77aa exad-sticky-section-no exad-glass-effect-no elementor-widget elementor-widget-google_maps\" data-id=\"0fe77aa\" data-element_type=\"widget\" data-widget_type=\"google_maps.default\">\n\t\t\t\t<div class=\"elementor-widget-container\">\n\t\t\t\t\t<div class=\"elementor-custom-embed\">\n\t\t\t<iframe\n\t\t\t\t\tdata-src=\"https:\/\/maps.google.com\/maps?q=Ctra.%20de%20Callosa%2C%2037%2C%2003590%20Altea%2C%20Alacant&#038;t=m&#038;z=16&#038;output=embed&#038;iwloc=near\"\n\t\t\t\t\ttitle=\"Ctra. de Callosa, 37, 03590 Altea, Alacant\"\n\t\t\t\t\taria-label=\"Ctra. de Callosa, 37, 03590 Altea, Alacant\"\n\t\t\t src=\"data:image\/gif;base64,R0lGODlhAQABAAAAACH5BAEKAAEALAAAAAABAAEAAAICTAEAOw==\" class=\"lazyload\" data-load-mode=\"1\"><\/iframe>\n\t\t<\/div>\n\t\t\t\t<\/div>\n\t\t\t\t<\/div>\n\t\t\t\t\t<\/div>\n\t\t<\/div>\n\t\t\t\t\t<\/div>\n\t\t<\/section>\n\t\t\t\t<\/div>\n\t\t","protected":false},"excerpt":{"rendered":"<p>Hace m\u00e1s de 75 a\u00f1os nac\u00eda una banda en \u201cel Poblet de les Cases\u201d, la&nbsp;Sociedad Recreativa Musical d\u2019Altea la [&hellip;]<\/p>\n","protected":false},"author":1,"featured_media":0,"parent":0,"menu_order":0,"comment_status":"closed","ping_status":"closed","template":"template-fullwide.php","meta":{"_expiration-date-status":"","_expiration-date":1667649143,"_expiration-date-type":"draft","_expiration-date-categories":[],"_expiration-date-options":[],"footnotes":""},"yoast_head":"<!-- This site is optimized with the Yoast SEO plugin v22.8 - https:\/\/yoast.com\/wordpress\/plugins\/seo\/ -->\n<title>Societat Recreativa Musical d&#039;Altea la Vella - Altea Cultural<\/title>\n<meta name=\"robots\" content=\"index, follow, max-snippet:-1, max-image-preview:large, max-video-preview:-1\" \/>\n<link rel=\"canonical\" href=\"https:\/\/www.alteacultural.com\/es\/societatrecreativaalv\/\" \/>\n<meta property=\"og:locale\" content=\"es_ES\" \/>\n<meta property=\"og:type\" content=\"article\" \/>\n<meta property=\"og:title\" content=\"Societat Recreativa Musical d&#039;Altea la Vella - Altea Cultural\" \/>\n<meta property=\"og:description\" content=\"Hace m\u00e1s de 75 a\u00f1os nac\u00eda una banda en \u201cel Poblet de les Cases\u201d, la&nbsp;Sociedad Recreativa Musical d\u2019Altea la [&hellip;]\" \/>\n<meta property=\"og:url\" content=\"https:\/\/www.alteacultural.com\/es\/societatrecreativaalv\/\" \/>\n<meta property=\"og:site_name\" content=\"Altea Cultural\" \/>\n<meta property=\"article:modified_time\" content=\"2022-11-05T12:03:26+00:00\" \/>\n<meta property=\"og:image\" content=\"https:\/\/www.alteacultural.com\/wp-content\/uploads\/2021\/05\/scmalv.jpg\" \/>\n<meta name=\"twitter:card\" content=\"summary_large_image\" \/>\n<meta name=\"twitter:label1\" content=\"Tiempo de lectura\" \/>\n\t<meta name=\"twitter:data1\" content=\"1 minuto\" \/>\n<script type=\"application\/ld+json\" class=\"yoast-schema-graph\">{\"@context\":\"https:\/\/schema.org\",\"@graph\":[{\"@type\":\"WebPage\",\"@id\":\"https:\/\/www.alteacultural.com\/es\/societatrecreativaalv\/\",\"url\":\"https:\/\/www.alteacultural.com\/es\/societatrecreativaalv\/\",\"name\":\"Societat Recreativa Musical d'Altea la Vella - Altea Cultural\",\"isPartOf\":{\"@id\":\"https:\/\/www.alteacultural.com\/es\/#website\"},\"primaryImageOfPage\":{\"@id\":\"https:\/\/www.alteacultural.com\/es\/societatrecreativaalv\/#primaryimage\"},\"image\":{\"@id\":\"https:\/\/www.alteacultural.com\/es\/societatrecreativaalv\/#primaryimage\"},\"thumbnailUrl\":\"https:\/\/www.alteacultural.com\/wp-content\/uploads\/2021\/05\/scmalv.jpg\",\"datePublished\":\"2021-05-25T10:34:20+00:00\",\"dateModified\":\"2022-11-05T12:03:26+00:00\",\"breadcrumb\":{\"@id\":\"https:\/\/www.alteacultural.com\/es\/societatrecreativaalv\/#breadcrumb\"},\"inLanguage\":\"es\",\"potentialAction\":[{\"@type\":\"ReadAction\",\"target\":[\"https:\/\/www.alteacultural.com\/es\/societatrecreativaalv\/\"]}]},{\"@type\":\"ImageObject\",\"inLanguage\":\"es\",\"@id\":\"https:\/\/www.alteacultural.com\/es\/societatrecreativaalv\/#primaryimage\",\"url\":\"https:\/\/www.alteacultural.com\/wp-content\/uploads\/2021\/05\/scmalv.jpg\",\"contentUrl\":\"https:\/\/www.alteacultural.com\/wp-content\/uploads\/2021\/05\/scmalv.jpg\"},{\"@type\":\"BreadcrumbList\",\"@id\":\"https:\/\/www.alteacultural.com\/es\/societatrecreativaalv\/#breadcrumb\",\"itemListElement\":[{\"@type\":\"ListItem\",\"position\":1,\"name\":\"Inici\",\"item\":\"https:\/\/www.alteacultural.com\/es\/\"},{\"@type\":\"ListItem\",\"position\":2,\"name\":\"Societat Recreativa Musical d&#8217;Altea la Vella\"}]},{\"@type\":\"WebSite\",\"@id\":\"https:\/\/www.alteacultural.com\/es\/#website\",\"url\":\"https:\/\/www.alteacultural.com\/es\/\",\"name\":\"Altea Cultural\",\"description\":\"Regidoria de Cultura de l&#039;Ajuntament d&#039;Altea\",\"potentialAction\":[{\"@type\":\"SearchAction\",\"target\":{\"@type\":\"EntryPoint\",\"urlTemplate\":\"https:\/\/www.alteacultural.com\/es\/?s={search_term_string}\"},\"query-input\":\"required name=search_term_string\"}],\"inLanguage\":\"es\"}]}<\/script>\n<!-- \/ Yoast SEO plugin. -->","yoast_head_json":{"title":"Societat Recreativa Musical d'Altea la Vella - Altea Cultural","robots":{"index":"index","follow":"follow","max-snippet":"max-snippet:-1","max-image-preview":"max-image-preview:large","max-video-preview":"max-video-preview:-1"},"canonical":"https:\/\/www.alteacultural.com\/es\/societatrecreativaalv\/","og_locale":"es_ES","og_type":"article","og_title":"Societat Recreativa Musical d'Altea la Vella - Altea Cultural","og_description":"Hace m\u00e1s de 75 a\u00f1os nac\u00eda una banda en \u201cel Poblet de les Cases\u201d, la&nbsp;Sociedad Recreativa Musical d\u2019Altea la [&hellip;]","og_url":"https:\/\/www.alteacultural.com\/es\/societatrecreativaalv\/","og_site_name":"Altea Cultural","article_modified_time":"2022-11-05T12:03:26+00:00","og_image":[{"url":"https:\/\/www.alteacultural.com\/wp-content\/uploads\/2021\/05\/scmalv.jpg"}],"twitter_card":"summary_large_image","twitter_misc":{"Tiempo de lectura":"1 minuto"},"schema":{"@context":"https:\/\/schema.org","@graph":[{"@type":"WebPage","@id":"https:\/\/www.alteacultural.com\/es\/societatrecreativaalv\/","url":"https:\/\/www.alteacultural.com\/es\/societatrecreativaalv\/","name":"Societat Recreativa Musical d'Altea la Vella - Altea Cultural","isPartOf":{"@id":"https:\/\/www.alteacultural.com\/es\/#website"},"primaryImageOfPage":{"@id":"https:\/\/www.alteacultural.com\/es\/societatrecreativaalv\/#primaryimage"},"image":{"@id":"https:\/\/www.alteacultural.com\/es\/societatrecreativaalv\/#primaryimage"},"thumbnailUrl":"https:\/\/www.alteacultural.com\/wp-content\/uploads\/2021\/05\/scmalv.jpg","datePublished":"2021-05-25T10:34:20+00:00","dateModified":"2022-11-05T12:03:26+00:00","breadcrumb":{"@id":"https:\/\/www.alteacultural.com\/es\/societatrecreativaalv\/#breadcrumb"},"inLanguage":"es","potentialAction":[{"@type":"ReadAction","target":["https:\/\/www.alteacultural.com\/es\/societatrecreativaalv\/"]}]},{"@type":"ImageObject","inLanguage":"es","@id":"https:\/\/www.alteacultural.com\/es\/societatrecreativaalv\/#primaryimage","url":"https:\/\/www.alteacultural.com\/wp-content\/uploads\/2021\/05\/scmalv.jpg","contentUrl":"https:\/\/www.alteacultural.com\/wp-content\/uploads\/2021\/05\/scmalv.jpg"},{"@type":"BreadcrumbList","@id":"https:\/\/www.alteacultural.com\/es\/societatrecreativaalv\/#breadcrumb","itemListElement":[{"@type":"ListItem","position":1,"name":"Inici","item":"https:\/\/www.alteacultural.com\/es\/"},{"@type":"ListItem","position":2,"name":"Societat Recreativa Musical d&#8217;Altea la Vella"}]},{"@type":"WebSite","@id":"https:\/\/www.alteacultural.com\/es\/#website","url":"https:\/\/www.alteacultural.com\/es\/","name":"Altea Cultural","description":"Regidoria de Cultura de l&#039;Ajuntament d&#039;Altea","potentialAction":[{"@type":"SearchAction","target":{"@type":"EntryPoint","urlTemplate":"https:\/\/www.alteacultural.com\/es\/?s={search_term_string}"},"query-input":"required name=search_term_string"}],"inLanguage":"es"}]}},"_links":{"self":[{"href":"https:\/\/www.alteacultural.com\/es\/wp-json\/wp\/v2\/pages\/7645"}],"collection":[{"href":"https:\/\/www.alteacultural.com\/es\/wp-json\/wp\/v2\/pages"}],"about":[{"href":"https:\/\/www.alteacultural.com\/es\/wp-json\/wp\/v2\/types\/page"}],"author":[{"embeddable":true,"href":"https:\/\/www.alteacultural.com\/es\/wp-json\/wp\/v2\/users\/1"}],"replies":[{"embeddable":true,"href":"https:\/\/www.alteacultural.com\/es\/wp-json\/wp\/v2\/comments?post=7645"}],"version-history":[{"count":8,"href":"https:\/\/www.alteacultural.com\/es\/wp-json\/wp\/v2\/pages\/7645\/revisions"}],"predecessor-version":[{"id":22111,"href":"https:\/\/www.alteacultural.com\/es\/wp-json\/wp\/v2\/pages\/7645\/revisions\/22111"}],"wp:attachment":[{"href":"https:\/\/www.alteacultural.com\/es\/wp-json\/wp\/v2\/media?parent=7645"}],"curies":[{"name":"wp","href":"https:\/\/api.w.org\/{rel}","templated":true}]}}